{"id":259,"date":"2013-09-11T15:33:40","date_gmt":"2013-09-11T14:33:40","guid":{"rendered":"http:\/\/rroms.bassinminier62.org\/site\/?page_id=259"},"modified":"2013-09-11T15:52:42","modified_gmt":"2013-09-11T14:52:42","slug":"tous-a-la-mer","status":"publish","type":"page","link":"https:\/\/rroms.bassinminier62.org\/site\/le-festival\/connaissance-des-rroms\/tous-a-la-mer\/","title":{"rendered":"Tous \u00e0 la mer"},"content":{"rendered":"<h1 style=\"text-align: center;\"><strong>Nausicaa Boulogne<\/strong><\/h1>\n<p><a href=\"http:\/\/rroms.bassinminier62.org\/site\/wp-content\/uploads\/2013\/09\/site-rom.png\"><img loading=\"lazy\" decoding=\"async\" class=\"aligncenter size-medium wp-image-228\" alt=\"site rom\" src=\"http:\/\/rroms.bassinminier62.org\/site\/wp-content\/uploads\/2013\/09\/site-rom-300x30.png\" width=\"300\" height=\"30\" srcset=\"https:\/\/rroms.bassinminier62.org\/site\/wp-content\/uploads\/2013\/09\/site-rom-300x30.png 300w, https:\/\/rroms.bassinminier62.org\/site\/wp-content\/uploads\/2013\/09\/site-rom.png 383w\" sizes=\"auto, (max-width: 300px) 100vw, 300px\" \/><\/a><\/p>\n<p style=\"text-align: justify;\">Un voyage d&rsquo;une journ\u00e9e a permis \u00e0 trente -six enfants et seize accompagnants de <span style=\"color: #000000;\">d\u00e9couvrir le centre Nausicaa puis de tremper les pieds dans l&rsquo;eau (froide!!!) de la mer<\/span>.<\/p>\n<h2 style=\"text-align: center;\"><strong>Les cerfs- volants ont fait le bonheur des uns,\u00a0 et les ch\u00e2teaux de sable\u00a0 celui des autres!<a href=\"http:\/\/rroms.bassinminier62.org\/site\/wp-content\/uploads\/2013\/06\/CIMG4766.jpg\">\u00a0<\/a><\/strong><\/h2>\n<p><a href=\"http:\/\/rroms.bassinminier62.org\/site\/wp-content\/uploads\/2013\/09\/siterom3.png\"><img loading=\"lazy\" decoding=\"async\" class=\"aligncenter size-medium wp-image-230\" alt=\"siterom3\" src=\"http:\/\/rroms.bassinminier62.org\/site\/wp-content\/uploads\/2013\/09\/siterom3-300x30.png\" width=\"300\" height=\"30\" srcset=\"https:\/\/rroms.bassinminier62.org\/site\/wp-content\/uploads\/2013\/09\/siterom3-300x30.png 300w, https:\/\/rroms.bassinminier62.org\/site\/wp-content\/uploads\/2013\/09\/siterom3.png 383w\" sizes=\"auto, (max-width: 300px) 100vw, 300px\" \/><\/a><\/p>\n<h2 style=\"text-align: center;\"><a href=\"http:\/\/rroms.bassinminier62.org\/site\/wp-content\/uploads\/2013\/06\/CIMG4765.jpg\"><img loading=\"lazy\" decoding=\"async\" alt=\"CIMG4765\" src=\"http:\/\/rroms.bassinminier62.org\/site\/wp-content\/uploads\/2013\/06\/CIMG4765-300x225.jpg\" width=\"300\" height=\"225\" \/><\/a><a href=\"http:\/\/rroms.bassinminier62.org\/site\/wp-content\/uploads\/2013\/07\/Boulogne-2.jpg\"><img loading=\"lazy\" decoding=\"async\" alt=\"Boulogne 2\" src=\"http:\/\/rroms.bassinminier62.org\/site\/wp-content\/uploads\/2013\/07\/Boulogne-2-300x225.jpg\" width=\"300\" height=\"225\" \/><\/a><\/h2>\n<p>&nbsp;<\/p>\n","protected":false},"excerpt":{"rendered":"<p>Nausicaa Boulogne Un voyage d&rsquo;une journ\u00e9e a permis \u00e0 trente -six enfants et seize accompagnants de d\u00e9couvrir le centre Nausicaa puis de tremper les pieds dans l&rsquo;eau (froide!!!) de la mer. Les cerfs- volants ont fait le bonheur des uns,\u00a0 &hellip; <a href=\"https:\/\/rroms.bassinminier62.org\/site\/le-festival\/connaissance-des-rroms\/tous-a-la-mer\/\">Continuer la lecture <span class=\"meta-nav\">&rarr;<\/span><\/a><\/p>\n","protected":false},"author":2,"featured_media":0,"parent":188,"menu_order":2,"comment_status":"closed","ping_status":"open","template":"","meta":{"ngg_post_thumbnail":0,"footnotes":""},"class_list":["post-259","page","type-page","status-publish","hentry"],"_links":{"self":[{"href":"https:\/\/rroms.bassinminier62.org\/site\/wp-json\/wp\/v2\/pages\/259","targetHints":{"allow":["GET"]}}],"collection":[{"href":"https:\/\/rroms.bassinminier62.org\/site\/wp-json\/wp\/v2\/pages"}],"about":[{"href":"https:\/\/rroms.bassinminier62.org\/site\/wp-json\/wp\/v2\/types\/page"}],"author":[{"embeddable":true,"href":"https:\/\/rroms.bassinminier62.org\/site\/wp-json\/wp\/v2\/users\/2"}],"replies":[{"embeddable":true,"href":"https:\/\/rroms.bassinminier62.org\/site\/wp-json\/wp\/v2\/comments?post=259"}],"version-history":[{"count":2,"href":"https:\/\/rroms.bassinminier62.org\/site\/wp-json\/wp\/v2\/pages\/259\/revisions"}],"predecessor-version":[{"id":272,"href":"https:\/\/rroms.bassinminier62.org\/site\/wp-json\/wp\/v2\/pages\/259\/revisions\/272"}],"up":[{"embeddable":true,"href":"https:\/\/rroms.bassinminier62.org\/site\/wp-json\/wp\/v2\/pages\/188"}],"wp:attachment":[{"href":"https:\/\/rroms.bassinminier62.org\/site\/wp-json\/wp\/v2\/media?parent=259"}],"curies":[{"name":"wp","href":"https:\/\/api.w.org\/{rel}","templated":true}]}}