{"id":262,"date":"2013-09-11T15:35:59","date_gmt":"2013-09-11T14:35:59","guid":{"rendered":"http:\/\/rroms.bassinminier62.org\/site\/?page_id=262"},"modified":"2013-09-11T15:56:38","modified_gmt":"2013-09-11T14:56:38","slug":"soiree-de-partage","status":"publish","type":"page","link":"https:\/\/rroms.bassinminier62.org\/site\/le-festival\/connaissance-des-rroms\/soiree-de-partage\/","title":{"rendered":"Soir\u00e9e de partage"},"content":{"rendered":"<h1 style=\"text-align: center;\"><span style=\"color: #000000;\">Le 29juin 2013<\/span><\/h1>\n<p><a href=\"http:\/\/rroms.bassinminier62.org\/site\/wp-content\/uploads\/2013\/09\/libgyu.png\"><img loading=\"lazy\" decoding=\"async\" class=\"aligncenter size-medium wp-image-270\" alt=\"libgyu\" src=\"http:\/\/rroms.bassinminier62.org\/site\/wp-content\/uploads\/2013\/09\/libgyu-300x25.png\" width=\"300\" height=\"25\" srcset=\"https:\/\/rroms.bassinminier62.org\/site\/wp-content\/uploads\/2013\/09\/libgyu-300x25.png 300w, https:\/\/rroms.bassinminier62.org\/site\/wp-content\/uploads\/2013\/09\/libgyu.png 372w\" sizes=\"auto, (max-width: 300px) 100vw, 300px\" \/><\/a><\/p>\n<p style=\"text-align: justify;\"><span style=\"color: #000000;\">Ce samedi 29 juin,les membres des associations organisatrices du festival, leurs amis, les membres du collectif, et les familles Rroms se retrouvaient sur le camp de Montigny en Gohelle pour une soir\u00e9e de partage.Au menu plats pr\u00e9par\u00e9s par les uns et les autres, musique, danses et bonne humeur.Une joyeuse ambiance, de la convivialit\u00e9 et de riches\u00a0 \u00e9changes pour cette soir\u00e9e .<\/span><\/p>\n<div style=\"text-align: center;\">\n<dl>\n<dt><a href=\"http:\/\/rroms.bassinminier62.org\/site\/wp-content\/uploads\/2013\/07\/IMG-20130629-00490.jpg\"><img loading=\"lazy\" decoding=\"async\" title=\"La pr\u00e9paration des plats au LAG.\" alt=\"La pr\u00e9paration des plats au LAG.\" src=\"http:\/\/rroms.bassinminier62.org\/site\/wp-content\/uploads\/2013\/07\/IMG-20130629-00490-225x300.jpg\" width=\"225\" height=\"300\" \/><\/a><\/dt>\n<dt><\/dt>\n<dt><\/dt>\n<dt><\/dt>\n<\/dl>\n<p><img loading=\"lazy\" decoding=\"async\" title=\"Travail d\u00e9quipe!\" alt=\"Travail d\u00e9quipe!\" src=\"http:\/\/rroms.bassinminier62.org\/site\/wp-content\/uploads\/2013\/07\/IMG-20130629-00500-300x225.jpg\" width=\"300\" height=\"225\" \/><\/p>\n<dl id=\"attachment_91\">\n<dd>La pr\u00e9paration des plats au LAG un vrai travail d&rsquo;\u00e9quipe!<\/dd>\n<\/dl>\n<\/div>\n<div style=\"text-align: center;\">\n<dl id=\"attachment_109\">\n<dt><a href=\"http:\/\/rroms.bassinminier62.org\/site\/wp-content\/uploads\/2013\/07\/Juin-2013-411.jpg\"><img loading=\"lazy\" decoding=\"async\" alt=\"Les femmes au barbecue.\" src=\"http:\/\/rroms.bassinminier62.org\/site\/wp-content\/uploads\/2013\/07\/Juin-2013-411-300x225.jpg\" width=\"300\" height=\"225\" \/><\/a><\/dt>\n<dd>Les femmes au barbecue.<\/dd>\n<\/dl>\n<\/div>\n<div style=\"text-align: center;\">\n<dl id=\"attachment_97\">\n<dt><a href=\"http:\/\/rroms.bassinminier62.org\/site\/wp-content\/uploads\/2013\/07\/Juin-2013-371.jpg\"><img loading=\"lazy\" decoding=\"async\" alt=\"Heureux!\" src=\"http:\/\/rroms.bassinminier62.org\/site\/wp-content\/uploads\/2013\/07\/Juin-2013-371-300x225.jpg\" width=\"300\" height=\"225\" \/><\/a><\/dt>\n<\/dl>\n<\/div>\n<div>\n<dl id=\"attachment_100\">\n<dt><a href=\"http:\/\/rroms.bassinminier62.org\/site\/wp-content\/uploads\/2013\/07\/Juin-2013-402.jpg\"><img loading=\"lazy\" decoding=\"async\" class=\"aligncenter\" alt=\"Danse\" src=\"http:\/\/rroms.bassinminier62.org\/site\/wp-content\/uploads\/2013\/07\/Juin-2013-402-300x225.jpg\" width=\"300\" height=\"225\" \/><\/a><\/dt>\n<\/dl>\n<\/div>\n","protected":false},"excerpt":{"rendered":"<p>Le 29juin 2013 Ce samedi 29 juin,les membres des associations organisatrices du festival, leurs amis, les membres du collectif, et les familles Rroms se retrouvaient sur le camp de Montigny en Gohelle pour une soir\u00e9e de partage.Au menu plats pr\u00e9par\u00e9s &hellip; <a href=\"https:\/\/rroms.bassinminier62.org\/site\/le-festival\/connaissance-des-rroms\/soiree-de-partage\/\">Continuer la lecture <span class=\"meta-nav\">&rarr;<\/span><\/a><\/p>\n","protected":false},"author":2,"featured_media":0,"parent":188,"menu_order":3,"comment_status":"closed","ping_status":"open","template":"","meta":{"ngg_post_thumbnail":0,"footnotes":""},"class_list":["post-262","page","type-page","status-publish","hentry"],"_links":{"self":[{"href":"https:\/\/rroms.bassinminier62.org\/site\/wp-json\/wp\/v2\/pages\/262","targetHints":{"allow":["GET"]}}],"collection":[{"href":"https:\/\/rroms.bassinminier62.org\/site\/wp-json\/wp\/v2\/pages"}],"about":[{"href":"https:\/\/rroms.bassinminier62.org\/site\/wp-json\/wp\/v2\/types\/page"}],"author":[{"embeddable":true,"href":"https:\/\/rroms.bassinminier62.org\/site\/wp-json\/wp\/v2\/users\/2"}],"replies":[{"embeddable":true,"href":"https:\/\/rroms.bassinminier62.org\/site\/wp-json\/wp\/v2\/comments?post=262"}],"version-history":[{"count":3,"href":"https:\/\/rroms.bassinminier62.org\/site\/wp-json\/wp\/v2\/pages\/262\/revisions"}],"predecessor-version":[{"id":278,"href":"https:\/\/rroms.bassinminier62.org\/site\/wp-json\/wp\/v2\/pages\/262\/revisions\/278"}],"up":[{"embeddable":true,"href":"https:\/\/rroms.bassinminier62.org\/site\/wp-json\/wp\/v2\/pages\/188"}],"wp:attachment":[{"href":"https:\/\/rroms.bassinminier62.org\/site\/wp-json\/wp\/v2\/media?parent=262"}],"curies":[{"name":"wp","href":"https:\/\/api.w.org\/{rel}","templated":true}]}}