{"id":266,"date":"2013-09-11T15:46:13","date_gmt":"2013-09-11T14:46:13","guid":{"rendered":"http:\/\/rroms.bassinminier62.org\/site\/?page_id=266"},"modified":"2014-02-04T20:07:40","modified_gmt":"2014-02-04T19:07:40","slug":"jardiner-avec-les-ajoncs","status":"publish","type":"page","link":"https:\/\/rroms.bassinminier62.org\/site\/le-festival\/connaissance-des-rroms\/jardiner-avec-les-ajoncs\/","title":{"rendered":"Jardiner avec les Ajoncs"},"content":{"rendered":"<p style=\"text-align: justify;\"><a href=\"http:\/\/rroms.bassinminier62.org\/site\/wp-content\/uploads\/2013\/09\/siterom1.png\"><img loading=\"lazy\" decoding=\"async\" class=\"aligncenter size-medium wp-image-229\" alt=\"siterom1\" src=\"http:\/\/rroms.bassinminier62.org\/site\/wp-content\/uploads\/2013\/09\/siterom1-300x30.png\" width=\"300\" height=\"30\" srcset=\"https:\/\/rroms.bassinminier62.org\/site\/wp-content\/uploads\/2013\/09\/siterom1-300x30.png 300w, https:\/\/rroms.bassinminier62.org\/site\/wp-content\/uploads\/2013\/09\/siterom1.png 383w\" sizes=\"auto, (max-width: 300px) 100vw, 300px\" \/><\/a><\/p>\n<p style=\"text-align: justify;\">Finies les semaines monotones pour quelques personnes amatrices de partager des\u00a0activit\u00e9s sur les jardins du R\u00e9seau des AJOnc !\u00a0Suite \u00e0 une rencontre du lundi 8 juillet entre Didier, Ren\u00e9, V\u00e9ronique (moi-m\u00eame) et \u00e0 notre mobilisation pour cela, Ilie, Ricardo, Arthur et Didier ont pu partager les\u00a0joies du jardinage\u00a0ensemble sur les\u00a0jardins des Bourgs du rail, le temps d\u2019une apr\u00e8s-midi, le mercredi 10 juillet.Voici les photos prises au cours de l\u2019installation en terre de plants de betteraves, de semences de graines laitues \u00e0 couper et de haricots verts :<\/p>\n<p style=\"text-align: justify;\"><a href=\"http:\/\/rroms.bassinminier62.org\/site\/wp-content\/uploads\/2013\/06\/SAM_1927.jpg\"><img loading=\"lazy\" decoding=\"async\" class=\"aligncenter\" alt=\"SAM_1927\" src=\"http:\/\/rroms.bassinminier62.org\/site\/wp-content\/uploads\/2013\/06\/SAM_1927-300x225.jpg\" width=\"300\" height=\"225\" \/><\/a><\/p>\n<dl id=\"attachment_134\">\n<dt><a href=\"http:\/\/rroms.bassinminier62.org\/site\/wp-content\/uploads\/2013\/06\/SAM_1907.jpg\"><img loading=\"lazy\" decoding=\"async\" class=\"aligncenter\" alt=\"plantation\" src=\"http:\/\/rroms.bassinminier62.org\/site\/wp-content\/uploads\/2013\/06\/SAM_1907-225x300.jpg\" width=\"225\" height=\"300\" \/><\/a><strong>Site\u00a0<a href=\"121203k3489690o1\/activit%C3%A9s-jardin-des-ajonc-quartier-des-bourgs-du-rail   \">AJonc<\/a> <\/strong><\/dt>\n<dt><\/dt>\n<dt><strong><span style=\"color: #000000;\">Les activit\u00e9s se sont poursuivies le\u00a0jeudi 18 juillet.\u00a0Pana\u00efnt\u00e9, Costica, Arthur,\u00a0moi-m\u00eame avons pu visiter le jardin et la mare du Bois de la R\u00e9publique. Nous y avons rencontr\u00e9 Morgane, Namir et Gilles, en vue d&rsquo;y retourner le lendemain.<\/span>\u00a0 <span style=\"color: #000000;\">\u00a0<a href=\"http:\/\/www.kizoa.fr\/slideshow-maker\/d5121281k6095015o1\/visite-du-jardin-des-ajonc-le-bois-de-la-r%C3%A9publique\"><span style=\"color: #000000;\">Diaporama Ajonc<\/span><\/a><\/span><\/strong><\/dt>\n<\/dl>\n<p><strong>Le vendredi 19 juillet, <\/strong>suite \u00e0 un petit d\u00e9jeuner sur l&rsquo;herbe pour \u00eatre en pleine forme, ce sont\u00a0Viorel, Costica et Arthur qui se sont lanc\u00e9s\u00a0dans les plaisirs des rencontres, \u00e9changes et\u00a0de la culture sur deux carr\u00e9s de Terre Partag\u00e9e du Bois de la R\u00e9publique et site d\u00e9di\u00e9 \u00e0 ces activit\u00e9s !\u00a0Dedans et autour de\u00a0carr\u00e9s de terre,\u00a0ils ont m\u00e9lang\u00e9, clou\u00e9 et\u00a0compartiment\u00e9 avec des ficelles les cadres en palettes, plant\u00e9 des poireaux, sem\u00e9 des radis et arros\u00e9. Ils se sont bien amus\u00e9s !<\/p>\n<dl id=\"attachment_151\">\n<dt><a href=\"http:\/\/rroms.bassinminier62.org\/site\/wp-content\/uploads\/2013\/06\/les-carr\u00e9s.jpg\"><img loading=\"lazy\" decoding=\"async\" class=\"aligncenter\" alt=\"D\u00e9sherbage.\" src=\"http:\/\/rroms.bassinminier62.org\/site\/wp-content\/uploads\/2013\/06\/les-carr\u00e9s-300x225.jpg\" width=\"300\" height=\"225\" \/><\/a>D\u00e9sherbage.Les enfants sont d&rsquo;ailleurs tr\u00e8s motiv\u00e9s pour y retourner. Les photos et\u00a0sourires sur les visages parlent, et ne mentiront pas concernant les\u00a0joyeux et bons souvenirs que garderont\u00a0les enfants ! Dylan, enfant du quartier de la r\u00e9publique a\u00a0\u00e9galement appr\u00e9ci\u00e9 le d\u00e9roulement des activit\u00e9s sous ses yeux et la possibilit\u00e9 de nous accompagner dans cette aventure !<\/p>\n<p>Je\u00a0zappe les d\u00e9buts de notre joyeuse vir\u00e9e\u00a0avec une voiture diabolique qui nous a fait la farce de ne plus d\u00e9marrer sur le campement de Montigny-en-Gohelle ! Cependant une partie de plaisir assur\u00e9e avec\u00a0les\u00a0 m\u00e9canos ,\u00a0bons\u00a0et rapides sur place, amen\u00e9s \u00e0 pousser la voiture\u00a0! La batterie n&rsquo;a pas \u00e9t\u00e9 chang\u00e9e, mais&#8230;!\u00a0C&rsquo;est toujours avec le m\u00eame optimisme et plaisir,\u00a0que le chemin\u00a0a \u00e9t\u00e9 poursuivi&#8230;,\u00a0notre d\u00e9part a \u00e9t\u00e9 f\u00eat\u00e9 par les enfants, qui\u00a0nous ont fait la joie d&rsquo;un trajet en chanson, dont\u00a0je tiens surtout \u00e0 vous faire part.<\/p>\n<p>Vous trouverez un extrait en pi\u00e8ce jointe, en esp\u00e9rant que vous puissiez l&rsquo;\u00e9couter (t\u00e9l\u00e9charger le programme Real player (gratuit) \u00e0 cette adresse :\u00a0<a href=\"http:\/\/fr.real.com\/\" target=\"_blank\">http:\/\/fr.real.com\/<\/a>\u00a0)<\/p>\n<\/dt>\n<\/dl>\n<p><span style=\"color: #000000;\"><a href=\"http:\/\/www.kizoa.fr\/slideshow-maker\/d5113445k9538742o1\/activit%C3%A9s-sur-le-bois-de-la-r%C3%A9publique-jardin-du-r%C3%A9seau-des-ajonc\"><span style=\"color: #000000;\">Et voici le lien vers le diaporama photo !\u00a0\u00a0<\/span><\/a><\/span><\/p>\n<p style=\"text-align: justify;\"><span style=\"color: #000000;\">Notre passage suivant a eu lieu le mardi 23 juillet au Bois de la R\u00e9publique avec Selvija,Hilmija, Arthur, Bernadette et V\u00e9ronique. Un bout de terrain a \u00e9t\u00e9\u00a0ameubli par l&rsquo;\u00e9quipe des AJOnc, en vue d&rsquo;y\u00a0accueillir les graines de haricots verts par les trois enfants\u00a0initi\u00e9s \u00e0 leur semence ! Elmia et Sylvia y ont arros\u00e9 les plantations pr\u00e9c\u00e9dentes, puis a suivi la cueillette de framboises sur des pieds, dont nous avons pu remarquer qu\u2019ils souffraient beaucoup de la s\u00e9cheresse.<\/span><\/p>\n<dl id=\"attachment_152\">\n<dt><a href=\"http:\/\/rroms.bassinminier62.org\/site\/wp-content\/uploads\/2013\/06\/les-framboises.jpg\"><img loading=\"lazy\" decoding=\"async\" class=\"aligncenter\" alt=\"Les framboises\" src=\"http:\/\/rroms.bassinminier62.org\/site\/wp-content\/uploads\/2013\/06\/les-framboises-300x225.jpg\" width=\"300\" height=\"225\" \/><\/a><span style=\"color: #000000;\">Les framboises<\/span><\/dt>\n<\/dl>\n<p style=\"text-align: justify;\">V<span style=\"color: #000000;\">oici\u00a0le lien pour partager les\u00a0photos r\u00e9alis\u00e9es avec\u00a0deux petites jardini\u00e8res en herbe enchant\u00e9es d\u2019y retourner le samedi 27 juillet \u00e0 8h30, qui seront cette fois accompagn\u00e9es d&rsquo;Ilie, afin d\u2019y planter quelques fleurs et semer de la salade.<\/span><\/p>\n<p><span style=\"color: #000000;\"><a href=\" http:\/\/www.kizoa.fr\/slideshow-maker\/d5184804k5141183o1\/activit%C3%A9-bois-de-la-republique-avec-silvia-et-elmia\"><span style=\"color: #000000;\">Lien diaporama<\/span><\/a><\/span><\/p>\n<p style=\"text-align: justify;\"><span style=\"color: #000000;\">Quelques\u00a0activit\u00e9s \u00ab\u00a0mobiles\u00a0\u00bb de bric et de broc sont envisag\u00e9es le samedi 3 ao\u00fbt !\u00a0Les personnes disposant d\u2019un brin de\u00a0bric \u00e0 brac chez\u00a0elles\u00a0qu\u2019elles peuvent\u00a0 laisser pour\u00a0ces constructions, sont invit\u00e9es \u00e0\u00a0me les d\u00e9poser au 58 rue de Vimy \u00e0 M\u00e9ricourt ou directement\u00a0dans un coin du jardin du Bois de la R\u00e9publique\u00a0! Les \u00e9l\u00e9ments non utilis\u00e9s seront stock\u00e9s.\u00a0En ao\u00fbt, lorsque je ne pourrai pas assurer les accompagnements, d&rsquo;autres personnes que moi seront d&rsquo;accord pour prendre le relais aupr\u00e8s de ces quelques personnes. Sont donc d\u00e9j\u00e0 pr\u00e9vues : Bernadette Boukrif (pour Selvija, Hilmija, Costica, et Viorel lorsqu&rsquo;il sera remis d&rsquo;un grave accident qu&rsquo;il a eu depuis), Suzelle\u00a0Marquis et Pierre\u00a0Leleu\u00a0(pour Ilie et Ricardo) qui auront rep\u00e9r\u00e9 les lieux et personnes \u00e0 emmener.\u00a0Bernadette assurera deux accompagnements, les vendredi 23 et 30 ao\u00fbt. Suzelle pourra \u00e9galement amener Ilie le 23 ao\u00fbt.\u00a0D&rsquo;autres dates seront pr\u00e9vues \u00e0 partir du 2 ao\u00fbt avec Suzelle.<\/span><\/p>\n<p style=\"text-align: justify;\"><span style=\"color: #000000;\">Le\u00a01er ao\u00fbt, je me rendrai \u00e0 la r\u00e9union de concertation concernant ce jardin du Bois de\u00a0la r\u00e9publique entre \u00ab\u00a0habitants jardiniers\u00a0\u00bb et le personnel des AJOnc, en essayant d&rsquo;y\u00a0emmener\u00a0nos jardiniers (\u00e8res) qui\u00a0ont d\u00e9j\u00e0 particip\u00e9.<\/span><\/p>\n<dl id=\"attachment_153\">\n<dt><a href=\"http:\/\/rroms.bassinminier62.org\/site\/wp-content\/uploads\/2013\/06\/la-mare.jpg\"><img loading=\"lazy\" decoding=\"async\" class=\"aligncenter\" alt=\"La mare\" src=\"http:\/\/rroms.bassinminier62.org\/site\/wp-content\/uploads\/2013\/06\/la-mare-300x225.jpg\" width=\"300\" height=\"225\" \/><\/a>L<span style=\"color: #000000;\">a mare<\/span><\/dt>\n<\/dl>\n<p style=\"text-align: justify;\"><span style=\"color: #000000;\">Nous avons constat\u00e9 ce soir du 1 ao\u00fbt que la mare se remplissait.Afin de pouvoir b\u00e9n\u00e9ficier de ces temps de plaisirs sur ces bouts de Terre\u00a0avec d&rsquo;autres\u00a0\u00ab\u00a0habitants jardiniers\u00a0\u00bb du secteur Avionais qui s&rsquo;y inscriraient,\u00a0sont prises en consid\u00e9ration les adh\u00e9sions de toutes les personnes accompagnantes, y compris celles des familles concern\u00e9es (pris en charge par le Festival d&rsquo;Amiti\u00e9 Franco-Rrom), mais encore l&rsquo;autorisation parentale pour y emmener leurs enfants mineurs.\u00a0<\/span><\/p>\n<dl id=\"attachment_142\">\n<dt><a href=\"http:\/\/rroms.bassinminier62.org\/site\/wp-content\/uploads\/2013\/06\/Ajoncs-23-aout-3jpg.jpg\"><img loading=\"lazy\" decoding=\"async\" class=\"aligncenter\" alt=\"La r\u00e9colte!\" src=\"http:\/\/rroms.bassinminier62.org\/site\/wp-content\/uploads\/2013\/06\/Ajoncs-23-aout-3jpg-300x225.jpg\" width=\"300\" height=\"225\" \/><\/a>La r\u00e9colte!<\/dt>\n<\/dl>\n<p style=\"text-align: justify;\">Vendredi 23 ao\u00fbt ,Selvija et Hilmija m&rsquo;attendent devant chez elles, rue de Fr\u00e9jus \u00e0 Noyelles, elles montent et nous voici parties pour Avion.<\/p>\n<p style=\"text-align: justify;\">D\u00e9sherbage, binage, arrosage,les haricots ont bien pouss\u00e9, les herbes aussi!!!!<\/p>\n<p style=\"text-align: justify;\">Nous r\u00e9coltons les radis&#8230;<\/p>\n<dl id=\"attachment_143\">\n<dt><a href=\"http:\/\/rroms.bassinminier62.org\/site\/wp-content\/uploads\/2013\/06\/Ajoncs-23-aout.jpg\"><img loading=\"lazy\" decoding=\"async\" class=\"aligncenter\" alt=\"D\u00e9sherbage.\" src=\"http:\/\/rroms.bassinminier62.org\/site\/wp-content\/uploads\/2013\/06\/Ajoncs-23-aout-300x225.jpg\" width=\"300\" height=\"225\" \/><\/a>Binage.<\/dt>\n<\/dl>\n<div>\n<dl id=\"attachment_144\">\n<dt><a href=\"http:\/\/rroms.bassinminier62.org\/site\/wp-content\/uploads\/2013\/06\/Ajoncs-23-aout-2.jpg\"><img loading=\"lazy\" decoding=\"async\" class=\"aligncenter\" alt=\"D\u00e9sherbage.\" src=\"http:\/\/rroms.bassinminier62.org\/site\/wp-content\/uploads\/2013\/06\/Ajoncs-23-aout-2-300x225.jpg\" width=\"300\" height=\"225\" \/><\/a>D\u00e9sherbage.<span style=\"font-size: medium; font-family: times  new  roman; mso-ascii-theme-font: minor-latin; mso-hansi-theme-font: minor-latin;\">Le 21 septembre\u2026entre d\u00e9sherbage, r\u00e9colte d\u2019\u00e9pinards, cueillette de pommes et poires, d\u00e9gustation de ces fruits, acrobaties, d\u00e9tente pour Viorel et Costica. Les \u00e9pinards ont \u00e9t\u00e9 cueillis et r\u00e9partis en plusieurs sachets, dont pour Hafida, Lucie, Costica, Viorel, le voisin qui a demand\u00e9 \u00e0 les go\u00fbter. Nous lui en avons gentiment offerts. <\/span><\/p>\n<\/dt>\n<dd>\n<p style=\"text-align: left;\"><a href=\"http:\/\/www.kizoa.fr\/slideshow-maker\/d6050797k8612052o1\/d%C3%A9sherbage-r%C3%A9colte-de-fruits-d%C3%A9pinards-avec-viorel-et-costica-21-sept\" target=\"_blank\"><span style=\"font-size: 9pt; color: #993366;\"><span style=\"font-family: Arial;\">http:\/\/www.kizoa.fr\/slideshow-maker\/d6050797k8612052o1\/d%C3%A9sherbage-r%C3%A9colte-de-fruits-d%C3%A9pinards-avec-viorel-et-costica-21-sept<\/span><\/span><\/a><\/p>\n<p><span style=\"font-size: medium; font-family: times  new  roman; mso-ascii-theme-font: minor-latin; mso-hansi-theme-font: minor-latin;\">Le samedi 28 septembre, apr\u00e8s un petit tour au forum des associations avec Ermina et Roxana qui ont particip\u00e9 \u00e0 quelques activit\u00e9s, une petite vir\u00e9e au jardin du Bois de la R\u00e9publique d\u2019Avion, o\u00f9 vous pourrez voir comment les djeun\u2019s d\u2019Avion ont vite rappliqu\u00e9 pour faire connaissance\u00a0! Cueillette de quelques \u00e9pinards, d\u2019un peu de basilic (qui semble avoir soif d\u2019eau\u00a0!), r\u00e9colte de quelques poires et des plus gros radis. <\/span><span style=\"font-size: 9pt; color: #993366;\"><span style=\"font-family: Arial;\"><a href=\"http:\/\/www.kizoa.fr\/slideshow-maker\/d6053815k7727954o1\/forum-des-associations-et-petit-tour-au-jardin-avec-ermina-et-roxana\" target=\"_blank\">http:\/\/www.kizoa.fr\/slideshow-maker\/d6053815k7727954o1\/forum-des-associations-et-petit-tour-au-jardin-avec-ermina-et-roxana<\/a><\/span><\/span><\/p>\n<\/dd>\n<\/dl>\n<\/div>\n","protected":false},"excerpt":{"rendered":"<p>Finies les semaines monotones pour quelques personnes amatrices de partager des\u00a0activit\u00e9s sur les jardins du R\u00e9seau des AJOnc !\u00a0Suite \u00e0 une rencontre du lundi 8 juillet entre Didier, Ren\u00e9, V\u00e9ronique (moi-m\u00eame) et \u00e0 notre mobilisation pour cela, Ilie, Ricardo, Arthur &hellip; <a href=\"https:\/\/rroms.bassinminier62.org\/site\/le-festival\/connaissance-des-rroms\/jardiner-avec-les-ajoncs\/\">Continuer la lecture <span class=\"meta-nav\">&rarr;<\/span><\/a><\/p>\n","protected":false},"author":2,"featured_media":0,"parent":188,"menu_order":4,"comment_status":"closed","ping_status":"open","template":"","meta":{"ngg_post_thumbnail":0,"footnotes":""},"class_list":["post-266","page","type-page","status-publish","hentry"],"_links":{"self":[{"href":"https:\/\/rroms.bassinminier62.org\/site\/wp-json\/wp\/v2\/pages\/266","targetHints":{"allow":["GET"]}}],"collection":[{"href":"https:\/\/rroms.bassinminier62.org\/site\/wp-json\/wp\/v2\/pages"}],"about":[{"href":"https:\/\/rroms.bassinminier62.org\/site\/wp-json\/wp\/v2\/types\/page"}],"author":[{"embeddable":true,"href":"https:\/\/rroms.bassinminier62.org\/site\/wp-json\/wp\/v2\/users\/2"}],"replies":[{"embeddable":true,"href":"https:\/\/rroms.bassinminier62.org\/site\/wp-json\/wp\/v2\/comments?post=266"}],"version-history":[{"count":8,"href":"https:\/\/rroms.bassinminier62.org\/site\/wp-json\/wp\/v2\/pages\/266\/revisions"}],"predecessor-version":[{"id":576,"href":"https:\/\/rroms.bassinminier62.org\/site\/wp-json\/wp\/v2\/pages\/266\/revisions\/576"}],"up":[{"embeddable":true,"href":"https:\/\/rroms.bassinminier62.org\/site\/wp-json\/wp\/v2\/pages\/188"}],"wp:attachment":[{"href":"https:\/\/rroms.bassinminier62.org\/site\/wp-json\/wp\/v2\/media?parent=266"}],"curies":[{"name":"wp","href":"https:\/\/api.w.org\/{rel}","templated":true}]}}