{"id":292,"date":"2013-10-10T09:32:46","date_gmt":"2013-10-10T08:32:46","guid":{"rendered":"http:\/\/rroms.bassinminier62.org\/site\/?page_id=292"},"modified":"2013-10-11T15:32:18","modified_gmt":"2013-10-11T14:32:18","slug":"fabrication-des-costumes","status":"publish","type":"page","link":"https:\/\/rroms.bassinminier62.org\/site\/le-festival\/connaissance-des-rroms\/fabrication-des-costumes\/","title":{"rendered":"Fabrication des costumes"},"content":{"rendered":"<p style=\"text-align: justify;\"><a href=\"http:\/\/rroms.bassinminier62.org\/site\/wp-content\/uploads\/2013\/10\/costume.png\"><img loading=\"lazy\" decoding=\"async\" class=\"aligncenter size-medium wp-image-294\" alt=\"costume\" src=\"http:\/\/rroms.bassinminier62.org\/site\/wp-content\/uploads\/2013\/10\/costume-300x135.png\" width=\"300\" height=\"135\" srcset=\"https:\/\/rroms.bassinminier62.org\/site\/wp-content\/uploads\/2013\/10\/costume-300x135.png 300w, https:\/\/rroms.bassinminier62.org\/site\/wp-content\/uploads\/2013\/10\/costume.png 657w\" sizes=\"auto, (max-width: 300px) 100vw, 300px\" \/><\/a>Dans le cadre de la pr\u00e9paration du <strong>festival d&rsquo;amiti\u00e9\u00a0Franco-Rrom<\/strong> l&rsquo;\u00e9quipe est en pleine fabrication des costumes. Un moment de convivialit\u00e9 et de partage ! Le comit\u00e9 pr\u00e9pare \u00e9galement des danses qui auront lieu le <strong>Samedi 9 Novembre \u00e0 partir de 14h<\/strong> \u00e0 la salle Ren\u00e9 Corbelle boulevard Josien \u00e0 Bully les mines.<\/p>\n<p style=\"text-align: center;\"><a href=\"http:\/\/rroms.bassinminier62.org\/site\/wp-content\/uploads\/2013\/10\/costule2.png\"><img loading=\"lazy\" decoding=\"async\" class=\"aligncenter size-medium wp-image-299\" alt=\"costule2\" src=\"http:\/\/rroms.bassinminier62.org\/site\/wp-content\/uploads\/2013\/10\/costule2-300x170.png\" width=\"300\" height=\"170\" srcset=\"https:\/\/rroms.bassinminier62.org\/site\/wp-content\/uploads\/2013\/10\/costule2-300x170.png 300w, https:\/\/rroms.bassinminier62.org\/site\/wp-content\/uploads\/2013\/10\/costule2.png 716w\" sizes=\"auto, (max-width: 300px) 100vw, 300px\" \/><\/a><\/p>\n<p style=\"text-align: center;\"><a href=\"http:\/\/rroms.bassinminier62.org\/site\/wp-content\/uploads\/2013\/09\/site-rom.png\"><img loading=\"lazy\" decoding=\"async\" class=\"size-medium wp-image-228 alignnone\" alt=\"site rom\" src=\"http:\/\/rroms.bassinminier62.org\/site\/wp-content\/uploads\/2013\/09\/site-rom-300x30.png\" width=\"300\" height=\"30\" srcset=\"https:\/\/rroms.bassinminier62.org\/site\/wp-content\/uploads\/2013\/09\/site-rom-300x30.png 300w, https:\/\/rroms.bassinminier62.org\/site\/wp-content\/uploads\/2013\/09\/site-rom.png 383w\" sizes=\"auto, (max-width: 300px) 100vw, 300px\" \/><\/a><\/p>\n","protected":false},"excerpt":{"rendered":"<p>Dans le cadre de la pr\u00e9paration du festival d&rsquo;amiti\u00e9\u00a0Franco-Rrom l&rsquo;\u00e9quipe est en pleine fabrication des costumes. Un moment de convivialit\u00e9 et de partage ! Le comit\u00e9 pr\u00e9pare \u00e9galement des danses qui auront lieu le Samedi 9 Novembre \u00e0 partir de &hellip; <a href=\"https:\/\/rroms.bassinminier62.org\/site\/le-festival\/connaissance-des-rroms\/fabrication-des-costumes\/\">Continuer la lecture <span class=\"meta-nav\">&rarr;<\/span><\/a><\/p>\n","protected":false},"author":2,"featured_media":0,"parent":188,"menu_order":0,"comment_status":"closed","ping_status":"open","template":"","meta":{"ngg_post_thumbnail":0,"footnotes":""},"class_list":["post-292","page","type-page","status-publish","hentry"],"_links":{"self":[{"href":"https:\/\/rroms.bassinminier62.org\/site\/wp-json\/wp\/v2\/pages\/292","targetHints":{"allow":["GET"]}}],"collection":[{"href":"https:\/\/rroms.bassinminier62.org\/site\/wp-json\/wp\/v2\/pages"}],"about":[{"href":"https:\/\/rroms.bassinminier62.org\/site\/wp-json\/wp\/v2\/types\/page"}],"author":[{"embeddable":true,"href":"https:\/\/rroms.bassinminier62.org\/site\/wp-json\/wp\/v2\/users\/2"}],"replies":[{"embeddable":true,"href":"https:\/\/rroms.bassinminier62.org\/site\/wp-json\/wp\/v2\/comments?post=292"}],"version-history":[{"count":6,"href":"https:\/\/rroms.bassinminier62.org\/site\/wp-json\/wp\/v2\/pages\/292\/revisions"}],"predecessor-version":[{"id":307,"href":"https:\/\/rroms.bassinminier62.org\/site\/wp-json\/wp\/v2\/pages\/292\/revisions\/307"}],"up":[{"embeddable":true,"href":"https:\/\/rroms.bassinminier62.org\/site\/wp-json\/wp\/v2\/pages\/188"}],"wp:attachment":[{"href":"https:\/\/rroms.bassinminier62.org\/site\/wp-json\/wp\/v2\/media?parent=292"}],"curies":[{"name":"wp","href":"https:\/\/api.w.org\/{rel}","templated":true}]}}