{"id":341,"date":"2013-10-24T13:50:47","date_gmt":"2013-10-24T12:50:47","guid":{"rendered":"http:\/\/rroms.bassinminier62.org\/site\/?page_id=341"},"modified":"2013-11-19T21:21:57","modified_gmt":"2013-11-19T20:21:57","slug":"le-mercredi-6-novembre","status":"publish","type":"page","link":"https:\/\/rroms.bassinminier62.org\/site\/le-festival\/le-mercredi-6-novembre\/","title":{"rendered":"Le Mercredi 6 Novembre"},"content":{"rendered":"<p><a href=\"http:\/\/rroms.bassinminier62.org\/site\/wp-content\/uploads\/2013\/09\/siterom5.png\"><img loading=\"lazy\" decoding=\"async\" class=\"aligncenter size-medium wp-image-231\" alt=\"siterom5\" src=\"http:\/\/rroms.bassinminier62.org\/site\/wp-content\/uploads\/2013\/09\/siterom5-300x30.png\" width=\"300\" height=\"30\" srcset=\"https:\/\/rroms.bassinminier62.org\/site\/wp-content\/uploads\/2013\/09\/siterom5-300x30.png 300w, https:\/\/rroms.bassinminier62.org\/site\/wp-content\/uploads\/2013\/09\/siterom5.png 380w\" sizes=\"auto, (max-width: 300px) 100vw, 300px\" \/><\/a><\/p>\n<p style=\"text-align: center;\">L\u2019\u00e9v\u00e9nement sur <strong>Li\u00e9vin<\/strong> aura lieu \u00e0 la salle Bondeaux o\u00f9 sera mis en place l&rsquo;espace ludique et \u00e9ducatif pour les structures de loisirs et les individuels.Vous y trouverez des ateliers ( jeux de cartes , jeux de plateau , puzzles , contes ) pour permettre la d\u00e9couverte des Rroms, de leur histoire , leur situation..<\/p>\n<div id=\"attachment_466\" style=\"width: 310px\" class=\"wp-caption aligncenter\"><a href=\"http:\/\/rroms.bassinminier62.org\/site\/wp-content\/uploads\/2013\/10\/PB040330.jpg\"><img loading=\"lazy\" decoding=\"async\" aria-describedby=\"caption-attachment-466\" class=\"size-medium wp-image-466\" alt=\"L' espace ludique\" src=\"http:\/\/rroms.bassinminier62.org\/site\/wp-content\/uploads\/2013\/10\/PB040330-300x225.jpg\" width=\"300\" height=\"225\" srcset=\"https:\/\/rroms.bassinminier62.org\/site\/wp-content\/uploads\/2013\/10\/PB040330-300x225.jpg 300w, https:\/\/rroms.bassinminier62.org\/site\/wp-content\/uploads\/2013\/10\/PB040330-1024x768.jpg 1024w\" sizes=\"auto, (max-width: 300px) 100vw, 300px\" \/><\/a><p id=\"caption-attachment-466\" class=\"wp-caption-text\">L&rsquo; espace ludique<\/p><\/div>\n<div id=\"attachment_463\" style=\"width: 310px\" class=\"wp-caption aligncenter\"><a href=\"http:\/\/rroms.bassinminier62.org\/site\/wp-content\/uploads\/2013\/10\/P1080177.jpg\"><img loading=\"lazy\" decoding=\"async\" aria-describedby=\"caption-attachment-463\" class=\"size-medium wp-image-463\" alt=\"Des contes Tziganes\" src=\"http:\/\/rroms.bassinminier62.org\/site\/wp-content\/uploads\/2013\/10\/P1080177-300x225.jpg\" width=\"300\" height=\"225\" srcset=\"https:\/\/rroms.bassinminier62.org\/site\/wp-content\/uploads\/2013\/10\/P1080177-300x225.jpg 300w, https:\/\/rroms.bassinminier62.org\/site\/wp-content\/uploads\/2013\/10\/P1080177-1024x768.jpg 1024w, https:\/\/rroms.bassinminier62.org\/site\/wp-content\/uploads\/2013\/10\/P1080177.jpg 2048w\" sizes=\"auto, (max-width: 300px) 100vw, 300px\" \/><\/a><p id=\"caption-attachment-463\" class=\"wp-caption-text\">Des contes Tziganes<\/p><\/div>\n<div id=\"attachment_464\" style=\"width: 310px\" class=\"wp-caption aligncenter\"><a href=\"http:\/\/rroms.bassinminier62.org\/site\/wp-content\/uploads\/2013\/10\/P1080182.jpg\"><img loading=\"lazy\" decoding=\"async\" aria-describedby=\"caption-attachment-464\" class=\"size-medium wp-image-464\" alt=\"Le go\u00fbter offert par Li\u00e9vin\" src=\"http:\/\/rroms.bassinminier62.org\/site\/wp-content\/uploads\/2013\/10\/P1080182-300x225.jpg\" width=\"300\" height=\"225\" srcset=\"https:\/\/rroms.bassinminier62.org\/site\/wp-content\/uploads\/2013\/10\/P1080182-300x225.jpg 300w, https:\/\/rroms.bassinminier62.org\/site\/wp-content\/uploads\/2013\/10\/P1080182-1024x768.jpg 1024w, https:\/\/rroms.bassinminier62.org\/site\/wp-content\/uploads\/2013\/10\/P1080182.jpg 2048w\" sizes=\"auto, (max-width: 300px) 100vw, 300px\" \/><\/a><p id=\"caption-attachment-464\" class=\"wp-caption-text\">Le go\u00fbter offert par Li\u00e9vin<\/p><\/div>\n<p><a href=\"http:\/\/rroms.bassinminier62.org\/site\/wp-content\/uploads\/2013\/09\/siterom5.png\"><img loading=\"lazy\" decoding=\"async\" class=\"aligncenter size-medium wp-image-231\" alt=\"siterom5\" src=\"http:\/\/rroms.bassinminier62.org\/site\/wp-content\/uploads\/2013\/09\/siterom5-300x30.png\" width=\"300\" height=\"30\" srcset=\"https:\/\/rroms.bassinminier62.org\/site\/wp-content\/uploads\/2013\/09\/siterom5-300x30.png 300w, https:\/\/rroms.bassinminier62.org\/site\/wp-content\/uploads\/2013\/09\/siterom5.png 380w\" sizes=\"auto, (max-width: 300px) 100vw, 300px\" \/><\/a><\/p>\n<p style=\"text-align: center;\"><strong>Le soir \u00e0 Grenay<\/strong> un <strong>cin\u00e9sandwich<\/strong> se d\u00e9roulera \u00e0 <strong>l&rsquo;espace Ronny Coutteure \u00e0 19 heures<\/strong>. (28 bis Boulevard des flandres &#8211; 62 160 Grenay )<\/p>\n<p style=\"text-align: center;\"><strong>Projection du film<\/strong> \u00ab\u00a0<em>Caravane 55<\/em>\u00ab\u00a0, de Val\u00e9rie Mitteaux et d&rsquo;Anna Pitoun. ( Retrouvez la page de l\u2019\u00e9v\u00e9nement <a href=\"http:\/\/www.caravanefilms.fr\/Films_caravane_55.html\">ici<\/a> )<\/p>\n<div id=\"attachment_470\" style=\"width: 310px\" class=\"wp-caption aligncenter\"><a href=\"http:\/\/rroms.bassinminier62.org\/site\/wp-content\/uploads\/2013\/10\/IMG_0005.jpg\"><img loading=\"lazy\" decoding=\"async\" aria-describedby=\"caption-attachment-470\" class=\"size-medium wp-image-470\" alt=\"La salle comble\" src=\"http:\/\/rroms.bassinminier62.org\/site\/wp-content\/uploads\/2013\/10\/IMG_0005-300x225.jpg\" width=\"300\" height=\"225\" srcset=\"https:\/\/rroms.bassinminier62.org\/site\/wp-content\/uploads\/2013\/10\/IMG_0005-300x225.jpg 300w, https:\/\/rroms.bassinminier62.org\/site\/wp-content\/uploads\/2013\/10\/IMG_0005-1024x768.jpg 1024w, https:\/\/rroms.bassinminier62.org\/site\/wp-content\/uploads\/2013\/10\/IMG_0005.jpg 1600w\" sizes=\"auto, (max-width: 300px) 100vw, 300px\" \/><\/a><p id=\"caption-attachment-470\" class=\"wp-caption-text\">La salle comble<\/p><\/div>\n<div id=\"attachment_471\" style=\"width: 235px\" class=\"wp-caption aligncenter\"><a href=\"http:\/\/rroms.bassinminier62.org\/site\/wp-content\/uploads\/2013\/10\/IMG_0010.jpg\"><img loading=\"lazy\" decoding=\"async\" aria-describedby=\"caption-attachment-471\" class=\"size-medium wp-image-471\" alt=\"La r\u00e9alisatrice\" src=\"http:\/\/rroms.bassinminier62.org\/site\/wp-content\/uploads\/2013\/10\/IMG_0010-225x300.jpg\" width=\"225\" height=\"300\" srcset=\"https:\/\/rroms.bassinminier62.org\/site\/wp-content\/uploads\/2013\/10\/IMG_0010-225x300.jpg 225w, https:\/\/rroms.bassinminier62.org\/site\/wp-content\/uploads\/2013\/10\/IMG_0010-768x1024.jpg 768w, https:\/\/rroms.bassinminier62.org\/site\/wp-content\/uploads\/2013\/10\/IMG_0010.jpg 1200w\" sizes=\"auto, (max-width: 225px) 100vw, 225px\" \/><\/a><p id=\"caption-attachment-471\" class=\"wp-caption-text\">La r\u00e9alisatrice<\/p><\/div>\n<p><a href=\"http:\/\/rroms.bassinminier62.org\/site\/wp-content\/uploads\/2013\/09\/site-rom.png\"><img loading=\"lazy\" decoding=\"async\" class=\"aligncenter size-medium wp-image-228\" alt=\"site rom\" src=\"http:\/\/rroms.bassinminier62.org\/site\/wp-content\/uploads\/2013\/09\/site-rom-300x30.png\" width=\"300\" height=\"30\" srcset=\"https:\/\/rroms.bassinminier62.org\/site\/wp-content\/uploads\/2013\/09\/site-rom-300x30.png 300w, https:\/\/rroms.bassinminier62.org\/site\/wp-content\/uploads\/2013\/09\/site-rom.png 383w\" sizes=\"auto, (max-width: 300px) 100vw, 300px\" \/><\/a><\/p>\n<p>&nbsp;<\/p>\n<p>&nbsp;<\/p>\n<p>&nbsp;<\/p>\n","protected":false},"excerpt":{"rendered":"<p>L\u2019\u00e9v\u00e9nement sur Li\u00e9vin aura lieu \u00e0 la salle Bondeaux o\u00f9 sera mis en place l&rsquo;espace ludique et \u00e9ducatif pour les structures de loisirs et les individuels.Vous y trouverez des ateliers ( jeux de cartes , jeux de plateau , puzzles &hellip; <a href=\"https:\/\/rroms.bassinminier62.org\/site\/le-festival\/le-mercredi-6-novembre\/\">Continuer la lecture <span class=\"meta-nav\">&rarr;<\/span><\/a><\/p>\n","protected":false},"author":2,"featured_media":0,"parent":178,"menu_order":300,"comment_status":"closed","ping_status":"open","template":"","meta":{"ngg_post_thumbnail":0,"footnotes":""},"class_list":["post-341","page","type-page","status-publish","hentry"],"_links":{"self":[{"href":"https:\/\/rroms.bassinminier62.org\/site\/wp-json\/wp\/v2\/pages\/341","targetHints":{"allow":["GET"]}}],"collection":[{"href":"https:\/\/rroms.bassinminier62.org\/site\/wp-json\/wp\/v2\/pages"}],"about":[{"href":"https:\/\/rroms.bassinminier62.org\/site\/wp-json\/wp\/v2\/types\/page"}],"author":[{"embeddable":true,"href":"https:\/\/rroms.bassinminier62.org\/site\/wp-json\/wp\/v2\/users\/2"}],"replies":[{"embeddable":true,"href":"https:\/\/rroms.bassinminier62.org\/site\/wp-json\/wp\/v2\/comments?post=341"}],"version-history":[{"count":12,"href":"https:\/\/rroms.bassinminier62.org\/site\/wp-json\/wp\/v2\/pages\/341\/revisions"}],"predecessor-version":[{"id":472,"href":"https:\/\/rroms.bassinminier62.org\/site\/wp-json\/wp\/v2\/pages\/341\/revisions\/472"}],"up":[{"embeddable":true,"href":"https:\/\/rroms.bassinminier62.org\/site\/wp-json\/wp\/v2\/pages\/178"}],"wp:attachment":[{"href":"https:\/\/rroms.bassinminier62.org\/site\/wp-json\/wp\/v2\/media?parent=341"}],"curies":[{"name":"wp","href":"https:\/\/api.w.org\/{rel}","templated":true}]}}