{"id":343,"date":"2013-10-24T13:51:25","date_gmt":"2013-10-24T12:51:25","guid":{"rendered":"http:\/\/rroms.bassinminier62.org\/site\/?page_id=343"},"modified":"2013-11-19T22:02:41","modified_gmt":"2013-11-19T21:02:41","slug":"le-samedi-9-novembre","status":"publish","type":"page","link":"https:\/\/rroms.bassinminier62.org\/site\/le-festival\/le-samedi-9-novembre\/","title":{"rendered":"Le Samedi 9 Novembre"},"content":{"rendered":"<p><a href=\"http:\/\/rroms.bassinminier62.org\/site\/wp-content\/uploads\/2013\/09\/siterom3.png\"><img loading=\"lazy\" decoding=\"async\" class=\"aligncenter size-medium wp-image-230\" alt=\"siterom3\" src=\"http:\/\/rroms.bassinminier62.org\/site\/wp-content\/uploads\/2013\/09\/siterom3-300x30.png\" width=\"300\" height=\"30\" srcset=\"https:\/\/rroms.bassinminier62.org\/site\/wp-content\/uploads\/2013\/09\/siterom3-300x30.png 300w, https:\/\/rroms.bassinminier62.org\/site\/wp-content\/uploads\/2013\/09\/siterom3.png 383w\" sizes=\"auto, (max-width: 300px) 100vw, 300px\" \/><\/a><\/p>\n<p style=\"text-align: center;\">L\u2019\u00e9v\u00e9nement aura lieu \u00e0 la<strong> salle Ren\u00e9 Corbelle<\/strong> boulevard Josien \u00e0 <strong>Bully les mines<\/strong>.<\/p>\n<p style=\"text-align: center;\">L&rsquo;ouverture du festival s\u2019effectuera\u00a0 \u00e0 11heures, se d\u00e9roulera \u00e9galement le vernissage de l&rsquo;exposition en pr\u00e9sence du maire de Bully les Mines.<\/p>\n<div id=\"attachment_473\" style=\"width: 310px\" class=\"wp-caption aligncenter\"><a href=\"http:\/\/rroms.bassinminier62.org\/site\/wp-content\/uploads\/2013\/10\/IMG_0022.jpg\"><img loading=\"lazy\" decoding=\"async\" aria-describedby=\"caption-attachment-473\" class=\"size-medium wp-image-473\" alt=\"L'inauguration\" src=\"http:\/\/rroms.bassinminier62.org\/site\/wp-content\/uploads\/2013\/10\/IMG_0022-300x225.jpg\" width=\"300\" height=\"225\" srcset=\"https:\/\/rroms.bassinminier62.org\/site\/wp-content\/uploads\/2013\/10\/IMG_0022-300x225.jpg 300w, https:\/\/rroms.bassinminier62.org\/site\/wp-content\/uploads\/2013\/10\/IMG_0022-1024x768.jpg 1024w, https:\/\/rroms.bassinminier62.org\/site\/wp-content\/uploads\/2013\/10\/IMG_0022.jpg 1600w\" sizes=\"auto, (max-width: 300px) 100vw, 300px\" \/><\/a><p id=\"caption-attachment-473\" class=\"wp-caption-text\">L&rsquo;inauguration<\/p><\/div>\n<p><a href=\"http:\/\/rroms.bassinminier62.org\/site\/wp-content\/uploads\/2013\/09\/siterom3.png\"><img loading=\"lazy\" decoding=\"async\" class=\"aligncenter size-medium wp-image-230\" alt=\"siterom3\" src=\"http:\/\/rroms.bassinminier62.org\/site\/wp-content\/uploads\/2013\/09\/siterom3-300x30.png\" width=\"300\" height=\"30\" srcset=\"https:\/\/rroms.bassinminier62.org\/site\/wp-content\/uploads\/2013\/09\/siterom3-300x30.png 300w, https:\/\/rroms.bassinminier62.org\/site\/wp-content\/uploads\/2013\/09\/siterom3.png 383w\" sizes=\"auto, (max-width: 300px) 100vw, 300px\" \/><\/a><\/p>\n<p style=\"text-align: center;\">La journ\u00e9e sera familiale avec de nombreuses activit\u00e9s propos\u00e9es de 14heures \u00e0 18heures.<\/p>\n<ul>\n<li>Atelier cuisine et repas partag\u00e9<\/li>\n<li>Espace ludique et \u00e9ducatif<\/li>\n<li>Expositions<\/li>\n<li>Flash Mob<\/li>\n<li>Initiation hip hop<\/li>\n<li>Atelier contes avec\u00a0 <strong>Nouka Maximoff<\/strong> ( Retrouvez sa page <a href=\"http:\/\/www.contes-et-conteurs.com\/Nouka-Maximoff.html\">ici<\/a> )<\/li>\n<li>Atelier chants avec <strong>Na\u00efs<\/strong> ( <a href=\"http:\/\/www.letelegramme.fr\/tag\/Nais%20et%20les%20transg%C3%A9niques\">Voici<\/a> un aper\u00e7u de son travail )<\/li>\n<li>Atelier arts plastiques<\/li>\n<li>Jeux anciens<\/li>\n<li>Foot et Baby foot<\/li>\n<li>Espace jeux pour tout-petits<\/li>\n<\/ul>\n<div id=\"attachment_475\" style=\"width: 310px\" class=\"wp-caption aligncenter\"><a href=\"http:\/\/rroms.bassinminier62.org\/site\/wp-content\/uploads\/2013\/10\/IMG_0145.jpg\"><img loading=\"lazy\" decoding=\"async\" aria-describedby=\"caption-attachment-475\" class=\"size-medium wp-image-475\" alt=\"La salle\" src=\"http:\/\/rroms.bassinminier62.org\/site\/wp-content\/uploads\/2013\/10\/IMG_0145-300x225.jpg\" width=\"300\" height=\"225\" srcset=\"https:\/\/rroms.bassinminier62.org\/site\/wp-content\/uploads\/2013\/10\/IMG_0145-300x225.jpg 300w, https:\/\/rroms.bassinminier62.org\/site\/wp-content\/uploads\/2013\/10\/IMG_0145-1024x768.jpg 1024w, https:\/\/rroms.bassinminier62.org\/site\/wp-content\/uploads\/2013\/10\/IMG_0145.jpg 1600w\" sizes=\"auto, (max-width: 300px) 100vw, 300px\" \/><\/a><p id=\"caption-attachment-475\" class=\"wp-caption-text\">La salle<\/p><\/div>\n<div id=\"attachment_476\" style=\"width: 310px\" class=\"wp-caption aligncenter\"><a href=\"http:\/\/rroms.bassinminier62.org\/site\/wp-content\/uploads\/2013\/10\/IMG_0161.jpg\"><img loading=\"lazy\" decoding=\"async\" aria-describedby=\"caption-attachment-476\" class=\"size-medium wp-image-476\" alt=\"Banatan\" src=\"http:\/\/rroms.bassinminier62.org\/site\/wp-content\/uploads\/2013\/10\/IMG_0161-300x225.jpg\" width=\"300\" height=\"225\" srcset=\"https:\/\/rroms.bassinminier62.org\/site\/wp-content\/uploads\/2013\/10\/IMG_0161-300x225.jpg 300w, https:\/\/rroms.bassinminier62.org\/site\/wp-content\/uploads\/2013\/10\/IMG_0161-1024x768.jpg 1024w, https:\/\/rroms.bassinminier62.org\/site\/wp-content\/uploads\/2013\/10\/IMG_0161.jpg 1600w\" sizes=\"auto, (max-width: 300px) 100vw, 300px\" \/><\/a><p id=\"caption-attachment-476\" class=\"wp-caption-text\">Banatan<\/p><\/div>\n<div id=\"attachment_477\" style=\"width: 310px\" class=\"wp-caption aligncenter\"><a href=\"http:\/\/rroms.bassinminier62.org\/site\/wp-content\/uploads\/2013\/10\/IMG_0136.jpg\"><img loading=\"lazy\" decoding=\"async\" aria-describedby=\"caption-attachment-477\" class=\"size-medium wp-image-477\" alt=\"partage\" src=\"http:\/\/rroms.bassinminier62.org\/site\/wp-content\/uploads\/2013\/10\/IMG_0136-300x225.jpg\" width=\"300\" height=\"225\" srcset=\"https:\/\/rroms.bassinminier62.org\/site\/wp-content\/uploads\/2013\/10\/IMG_0136-300x225.jpg 300w, https:\/\/rroms.bassinminier62.org\/site\/wp-content\/uploads\/2013\/10\/IMG_0136-1024x768.jpg 1024w, https:\/\/rroms.bassinminier62.org\/site\/wp-content\/uploads\/2013\/10\/IMG_0136.jpg 1600w\" sizes=\"auto, (max-width: 300px) 100vw, 300px\" \/><\/a><p id=\"caption-attachment-477\" class=\"wp-caption-text\">partage<\/p><\/div>\n<div id=\"attachment_478\" style=\"width: 310px\" class=\"wp-caption aligncenter\"><a href=\"http:\/\/rroms.bassinminier62.org\/site\/wp-content\/uploads\/2013\/10\/IMG_0301.jpg\"><img loading=\"lazy\" decoding=\"async\" aria-describedby=\"caption-attachment-478\" class=\"size-medium wp-image-478\" alt=\"La conteuse \" src=\"http:\/\/rroms.bassinminier62.org\/site\/wp-content\/uploads\/2013\/10\/IMG_0301-300x224.jpg\" width=\"300\" height=\"224\" srcset=\"https:\/\/rroms.bassinminier62.org\/site\/wp-content\/uploads\/2013\/10\/IMG_0301-300x224.jpg 300w, https:\/\/rroms.bassinminier62.org\/site\/wp-content\/uploads\/2013\/10\/IMG_0301-1024x768.jpg 1024w\" sizes=\"auto, (max-width: 300px) 100vw, 300px\" \/><\/a><p id=\"caption-attachment-478\" class=\"wp-caption-text\">La conteuse<\/p><\/div>\n<div id=\"attachment_481\" style=\"width: 234px\" class=\"wp-caption aligncenter\"><a href=\"http:\/\/rroms.bassinminier62.org\/site\/wp-content\/uploads\/2013\/10\/IMG_03391.jpg\"><img loading=\"lazy\" decoding=\"async\" aria-describedby=\"caption-attachment-481\" class=\"size-medium wp-image-481\" alt=\"Na\u00efs\" src=\"http:\/\/rroms.bassinminier62.org\/site\/wp-content\/uploads\/2013\/10\/IMG_03391-224x300.jpg\" width=\"224\" height=\"300\" srcset=\"https:\/\/rroms.bassinminier62.org\/site\/wp-content\/uploads\/2013\/10\/IMG_03391-224x300.jpg 224w, https:\/\/rroms.bassinminier62.org\/site\/wp-content\/uploads\/2013\/10\/IMG_03391-768x1024.jpg 768w, https:\/\/rroms.bassinminier62.org\/site\/wp-content\/uploads\/2013\/10\/IMG_03391.jpg 1608w\" sizes=\"auto, (max-width: 224px) 100vw, 224px\" \/><\/a><p id=\"caption-attachment-481\" class=\"wp-caption-text\">Na\u00efs<\/p><\/div>\n<div id=\"attachment_483\" style=\"width: 310px\" class=\"wp-caption aligncenter\"><a href=\"http:\/\/rroms.bassinminier62.org\/site\/wp-content\/uploads\/2013\/10\/IMG_0266.jpg\"><img loading=\"lazy\" decoding=\"async\" aria-describedby=\"caption-attachment-483\" class=\"size-medium wp-image-483\" alt=\"Hip hop\" src=\"http:\/\/rroms.bassinminier62.org\/site\/wp-content\/uploads\/2013\/10\/IMG_0266-300x224.jpg\" width=\"300\" height=\"224\" srcset=\"https:\/\/rroms.bassinminier62.org\/site\/wp-content\/uploads\/2013\/10\/IMG_0266-300x224.jpg 300w, https:\/\/rroms.bassinminier62.org\/site\/wp-content\/uploads\/2013\/10\/IMG_0266-1024x768.jpg 1024w\" sizes=\"auto, (max-width: 300px) 100vw, 300px\" \/><\/a><p id=\"caption-attachment-483\" class=\"wp-caption-text\">Hip hop<\/p><\/div>\n<div id=\"attachment_485\" style=\"width: 234px\" class=\"wp-caption aligncenter\"><a href=\"http:\/\/rroms.bassinminier62.org\/site\/wp-content\/uploads\/2013\/10\/IMG_0405.jpg\"><img loading=\"lazy\" decoding=\"async\" aria-describedby=\"caption-attachment-485\" class=\"size-medium wp-image-485\" alt=\"Le repas     \" src=\"http:\/\/rroms.bassinminier62.org\/site\/wp-content\/uploads\/2013\/10\/IMG_0405-224x300.jpg\" width=\"224\" height=\"300\" srcset=\"https:\/\/rroms.bassinminier62.org\/site\/wp-content\/uploads\/2013\/10\/IMG_0405-224x300.jpg 224w, https:\/\/rroms.bassinminier62.org\/site\/wp-content\/uploads\/2013\/10\/IMG_0405-768x1024.jpg 768w, https:\/\/rroms.bassinminier62.org\/site\/wp-content\/uploads\/2013\/10\/IMG_0405.jpg 1608w\" sizes=\"auto, (max-width: 224px) 100vw, 224px\" \/><\/a><p id=\"caption-attachment-485\" class=\"wp-caption-text\">Le repas<\/p><\/div>\n<div id=\"attachment_486\" style=\"width: 310px\" class=\"wp-caption aligncenter\"><a href=\"http:\/\/rroms.bassinminier62.org\/site\/wp-content\/uploads\/2013\/10\/IMG_0434.jpg\"><img loading=\"lazy\" decoding=\"async\" aria-describedby=\"caption-attachment-486\" class=\"size-medium wp-image-486\" alt=\"Le bal\" src=\"http:\/\/rroms.bassinminier62.org\/site\/wp-content\/uploads\/2013\/10\/IMG_0434-300x224.jpg\" width=\"300\" height=\"224\" srcset=\"https:\/\/rroms.bassinminier62.org\/site\/wp-content\/uploads\/2013\/10\/IMG_0434-300x224.jpg 300w, https:\/\/rroms.bassinminier62.org\/site\/wp-content\/uploads\/2013\/10\/IMG_0434-1024x768.jpg 1024w\" sizes=\"auto, (max-width: 300px) 100vw, 300px\" \/><\/a><p id=\"caption-attachment-486\" class=\"wp-caption-text\">Le bal<\/p><\/div>\n<p style=\"text-align: center;\"><a href=\"http:\/\/rroms.bassinminier62.org\/site\/wp-content\/uploads\/2013\/10\/IMG_0454.jpg\"><img loading=\"lazy\" decoding=\"async\" class=\"aligncenter size-medium wp-image-487\" alt=\"IMG_0454\" src=\"http:\/\/rroms.bassinminier62.org\/site\/wp-content\/uploads\/2013\/10\/IMG_0454-224x300.jpg\" width=\"224\" height=\"300\" srcset=\"https:\/\/rroms.bassinminier62.org\/site\/wp-content\/uploads\/2013\/10\/IMG_0454-224x300.jpg 224w, https:\/\/rroms.bassinminier62.org\/site\/wp-content\/uploads\/2013\/10\/IMG_0454-768x1024.jpg 768w, https:\/\/rroms.bassinminier62.org\/site\/wp-content\/uploads\/2013\/10\/IMG_0454.jpg 1608w\" sizes=\"auto, (max-width: 224px) 100vw, 224px\" \/><\/a><\/p>\n<p>&nbsp;<\/p>\n<p><a href=\"http:\/\/rroms.bassinminier62.org\/site\/wp-content\/uploads\/2013\/10\/t\u00e9l\u00e9chargement.jpg\"><img loading=\"lazy\" decoding=\"async\" class=\"aligncenter size-full wp-image-354\" alt=\"t\u00e9l\u00e9chargement\" src=\"http:\/\/rroms.bassinminier62.org\/site\/wp-content\/uploads\/2013\/10\/t\u00e9l\u00e9chargement.jpg\" width=\"255\" height=\"170\" \/><\/a><\/p>\n<p>&nbsp;<\/p>\n<p style=\"text-align: center;\">Vous avez la possibilit\u00e9 de visionner la brochure du festival ci-dessous, puis de la t\u00e9l\u00e9charger si vous le souhaitez.<\/p>\n<p><a href=\"http:\/\/rroms.bassinminier62.org\/site\/wp-content\/uploads\/2013\/09\/site-rom.png\"><img loading=\"lazy\" decoding=\"async\" class=\"aligncenter size-medium wp-image-228\" alt=\"site rom\" src=\"http:\/\/rroms.bassinminier62.org\/site\/wp-content\/uploads\/2013\/09\/site-rom-300x30.png\" width=\"300\" height=\"30\" srcset=\"https:\/\/rroms.bassinminier62.org\/site\/wp-content\/uploads\/2013\/09\/site-rom-300x30.png 300w, https:\/\/rroms.bassinminier62.org\/site\/wp-content\/uploads\/2013\/09\/site-rom.png 383w\" sizes=\"auto, (max-width: 300px) 100vw, 300px\" \/><\/a><\/p>\n<div style=\"text-align: center;\">\n<div style=\"margin: 8px 0px 4px;\"><a href=\"http:\/\/www.calameo.com\/books\/002739655bf993b7438ed\" target=\"_blank\">Brochure Festival Franco&rsquo; Rrom 2013<\/a><\/div>\n<p><iframe loading=\"lazy\" style=\"margin: 0 auto;\" src=\"\/\/v.calameo.com\/?bkcode=002739655bf993b7438ed\" height=\"194\" width=\"300\" allowfullscreen=\"\" frameborder=\"0\" scrolling=\"no\"><\/iframe><\/p>\n<div style=\"margin: 4px 0px 8px;\"><a href=\"http:\/\/www.calameo.com\/\">Publish at Calameo<\/a> or <a href=\"http:\/\/www.calameo.com\/browse\">read more publications<\/a>.<\/div>\n<div style=\"margin: 4px 0px 8px;\"><\/div>\n<div style=\"margin: 4px 0px 8px;\"><\/div>\n<\/div>\n","protected":false},"excerpt":{"rendered":"<p>L\u2019\u00e9v\u00e9nement aura lieu \u00e0 la salle Ren\u00e9 Corbelle boulevard Josien \u00e0 Bully les mines. L&rsquo;ouverture du festival s\u2019effectuera\u00a0 \u00e0 11heures, se d\u00e9roulera \u00e9galement le vernissage de l&rsquo;exposition en pr\u00e9sence du maire de Bully les Mines. La journ\u00e9e sera familiale avec &hellip; <a href=\"https:\/\/rroms.bassinminier62.org\/site\/le-festival\/le-samedi-9-novembre\/\">Continuer la lecture <span class=\"meta-nav\">&rarr;<\/span><\/a><\/p>\n","protected":false},"author":2,"featured_media":0,"parent":178,"menu_order":400,"comment_status":"closed","ping_status":"open","template":"","meta":{"ngg_post_thumbnail":0,"footnotes":""},"class_list":["post-343","page","type-page","status-publish","hentry"],"_links":{"self":[{"href":"https:\/\/rroms.bassinminier62.org\/site\/wp-json\/wp\/v2\/pages\/343","targetHints":{"allow":["GET"]}}],"collection":[{"href":"https:\/\/rroms.bassinminier62.org\/site\/wp-json\/wp\/v2\/pages"}],"about":[{"href":"https:\/\/rroms.bassinminier62.org\/site\/wp-json\/wp\/v2\/types\/page"}],"author":[{"embeddable":true,"href":"https:\/\/rroms.bassinminier62.org\/site\/wp-json\/wp\/v2\/users\/2"}],"replies":[{"embeddable":true,"href":"https:\/\/rroms.bassinminier62.org\/site\/wp-json\/wp\/v2\/comments?post=343"}],"version-history":[{"count":13,"href":"https:\/\/rroms.bassinminier62.org\/site\/wp-json\/wp\/v2\/pages\/343\/revisions"}],"predecessor-version":[{"id":489,"href":"https:\/\/rroms.bassinminier62.org\/site\/wp-json\/wp\/v2\/pages\/343\/revisions\/489"}],"up":[{"embeddable":true,"href":"https:\/\/rroms.bassinminier62.org\/site\/wp-json\/wp\/v2\/pages\/178"}],"wp:attachment":[{"href":"https:\/\/rroms.bassinminier62.org\/site\/wp-json\/wp\/v2\/media?parent=343"}],"curies":[{"name":"wp","href":"https:\/\/api.w.org\/{rel}","templated":true}]}}