{"id":431,"date":"2013-11-14T21:17:00","date_gmt":"2013-11-14T20:17:00","guid":{"rendered":"http:\/\/rroms.bassinminier62.org\/site\/?page_id=431"},"modified":"2014-02-02T20:13:41","modified_gmt":"2014-02-02T19:13:41","slug":"lefestival-a-lecran","status":"publish","type":"page","link":"https:\/\/rroms.bassinminier62.org\/site\/le-festival\/lefestival-a-lecran\/","title":{"rendered":"Le festival \u00e0 l&rsquo;\u00e9cran"},"content":{"rendered":"<p>A l&rsquo;espace Bondeaux de Li\u00e9vin, mercredi 6 novembre.<\/p>\n<p><iframe loading=\"lazy\" title=\"JT NET mercredi 13 11 13\" frameborder=\"0\" width=\"640\" height=\"359\" src=\"https:\/\/geo.dailymotion.com\/player.html?video=x17c8j8&#038;\" allowfullscreen allow=\"autoplay; fullscreen; picture-in-picture; web-share\"><\/iframe><\/p>\n<p>&nbsp;<\/p>\n<p>&nbsp;<\/p>\n<p>&nbsp;<\/p>\n<p>Prenez le temps de revivre( ou d\u00e9couvrir )la journ\u00e9e du samedi 9 novembre avec ses danses, son espace ludique et l&rsquo;orchestre Brussels Under ground<\/p>\n<p><a href=\"http:\/\/rroms.bassinminier62.org\/site\/wp-content\/uploads\/2013\/11\/Reportages-en-Image-_-1000HerosProduction-_-La-WebTV-Nord-Pas-de-Calais.htm\">Reportages en Image _ 1000HerosProduction _ La WebTV Nord-Pas de Calais<\/a><\/p>\n","protected":false},"excerpt":{"rendered":"<p>A l&rsquo;espace Bondeaux de Li\u00e9vin, mercredi 6 novembre. &nbsp; &nbsp; &nbsp; Prenez le temps de revivre( ou d\u00e9couvrir )la journ\u00e9e du samedi 9 novembre avec ses danses, son espace ludique et l&rsquo;orchestre Brussels Under ground Reportages en Image _ 1000HerosProduction &hellip; <a href=\"https:\/\/rroms.bassinminier62.org\/site\/le-festival\/lefestival-a-lecran\/\">Continuer la lecture <span class=\"meta-nav\">&rarr;<\/span><\/a><\/p>\n","protected":false},"author":2,"featured_media":0,"parent":178,"menu_order":160,"comment_status":"closed","ping_status":"open","template":"","meta":{"ngg_post_thumbnail":0,"footnotes":""},"class_list":["post-431","page","type-page","status-publish","hentry"],"_links":{"self":[{"href":"https:\/\/rroms.bassinminier62.org\/site\/wp-json\/wp\/v2\/pages\/431","targetHints":{"allow":["GET"]}}],"collection":[{"href":"https:\/\/rroms.bassinminier62.org\/site\/wp-json\/wp\/v2\/pages"}],"about":[{"href":"https:\/\/rroms.bassinminier62.org\/site\/wp-json\/wp\/v2\/types\/page"}],"author":[{"embeddable":true,"href":"https:\/\/rroms.bassinminier62.org\/site\/wp-json\/wp\/v2\/users\/2"}],"replies":[{"embeddable":true,"href":"https:\/\/rroms.bassinminier62.org\/site\/wp-json\/wp\/v2\/comments?post=431"}],"version-history":[{"count":5,"href":"https:\/\/rroms.bassinminier62.org\/site\/wp-json\/wp\/v2\/pages\/431\/revisions"}],"predecessor-version":[{"id":492,"href":"https:\/\/rroms.bassinminier62.org\/site\/wp-json\/wp\/v2\/pages\/431\/revisions\/492"}],"up":[{"embeddable":true,"href":"https:\/\/rroms.bassinminier62.org\/site\/wp-json\/wp\/v2\/pages\/178"}],"wp:attachment":[{"href":"https:\/\/rroms.bassinminier62.org\/site\/wp-json\/wp\/v2\/media?parent=431"}],"curies":[{"name":"wp","href":"https:\/\/api.w.org\/{rel}","templated":true}]}}