{"id":505,"date":"2013-12-08T17:13:04","date_gmt":"2013-12-08T16:13:04","guid":{"rendered":"http:\/\/rroms.bassinminier62.org\/site\/?page_id=505"},"modified":"2014-02-04T19:55:49","modified_gmt":"2014-02-04T18:55:49","slug":"lorganisation-de-la-distribution-alimentaire","status":"publish","type":"page","link":"https:\/\/rroms.bassinminier62.org\/site\/nos-actions\/lorganisation-de-la-distribution-alimentaire\/","title":{"rendered":"L&rsquo;organisation de la distribution alimentaire"},"content":{"rendered":"<p><span style=\"font-size: medium; font-family: times  new  roman;\">Le samedi 7 d\u00e9cembre 2013 &#8211; R\u00e9cit de V\u00e9ronique<br \/>\n<\/span><\/p>\n<p><span style=\"font-size: medium; font-family: times  new  roman;\">Nourriture apport\u00e9e par Pierre (R.), r\u00e9partie en sacs par Liliana, Ion, Marie-Jeannne, Didier et V\u00e9ronique, d\u00e9charg\u00e9e sur le camp par Ion, r\u00e9cup\u00e9ration des sacs par Liliana. Nous avons pass\u00e9 un super moment ensemble et sur le campement !<\/span><\/p>\n<p><span style=\"font-size: medium; font-family: times  new  roman;\"><span style=\"font-size: medium; font-family: times  new  roman;\">Il fallait une premi\u00e8re fois ! <\/span>Un r\u00e9ajustement la veille et le jour m\u00eame sur place par moi-m\u00eame, fonction de quelques oubli\u00e9s dans la liste\u00a0et absents signal\u00e9s. <\/span><span style=\"font-size: medium; font-family: times  new  roman;\">Les sacs de polonia qui n&rsquo;avaient pas \u00e9t\u00e9 remplis au moment de la r\u00e9partition, ont pu l&rsquo;\u00eatre. La famille de Mijana Mitrovic a \u00e9t\u00e9 ajout\u00e9e \u00e0 la tourn\u00e9e. OUF !<\/span><span style=\"font-size: medium; font-family: times  new  roman;\">Les personnes Rroms <\/span><span style=\"font-size: medium; font-family: times  new  roman;\">\u00e9taient d\u00e9tendues et <\/span><span style=\"font-size: medium; font-family: times  new  roman;\">souriantes devant la forme qu&rsquo;avait prise la livraison. Satisfaction,\u00a0plaisir et\u00a0remerciements\u00a0ont \u00e9t\u00e9 exprim\u00e9s, beaucoup avaient leur pi\u00e8ce en main pour le d\u00e9fraiement (r\u00e9colte de 8 euros, ce qui n&rsquo;est pas si mal).<\/span><span style=\"font-size: medium; font-family: times  new  roman;\">Tout s&rsquo;est d\u00e9roul\u00e9 dans la joie et la bonne humeur. Nous pouvons reproduire sans aucune h\u00e9sitation. Ion et Liliana sont d&rsquo;accord.<\/span><\/p>\n<p><span style=\"font-size: medium; font-family: times  new  roman;\">Le retour des sacs n&rsquo;a pas \u00e9t\u00e9 \u00e9vident \u00e0 comprendre par uniquement deux familles. Cocher le retour des sacs vides <\/span><span style=\"font-size: medium; font-family: times  new  roman;\">sur la liste des inscrits<\/span><span style=\"font-size: medium; font-family: times  new  roman;\">, permet un inventaire rapide.<\/span><span style=\"font-size: medium; font-family: times  new  roman;\"> Avant le d\u00e9part, nous savons tr\u00e8s vite\u00a0<\/span><span style=\"font-size: medium; font-family: times  new  roman;\">o\u00f9 aller rechercher les manquants et en insistant, expliquant qu<\/span><span style=\"font-size: medium; font-family: times  new  roman;\">&lsquo;ils seront de nouveau remplis pour samedi prochain, nous les r\u00e9cup\u00e9rons facilement !<\/span><\/p>\n<p><span style=\"font-size: medium; font-family: times  new  roman;\">Pour une telle quantit\u00e9 de nourriture <\/span><span style=\"font-size: medium; font-family: times  new  roman;\">\u00e0 dispatcher et de personnes \u00e0 nourrir<\/span><span style=\"font-size: medium; font-family: times  new  roman;\">, nous n&rsquo;avons gu\u00e8re <\/span><span style=\"font-size: medium; font-family: times  new  roman;\">\u00e9t\u00e9 trop de 5 \u00e0 nous y coller, et <\/span><span style=\"font-size: medium; font-family: times  new  roman;\">il nous faut 34 sacs au final ! Cela ne serait pas insurmontable pour trois personnes uniquement (Ion, Liliana et Didier).<strong> Mais, les personnes du collectif volontaires pour aider \u00e0 cette r\u00e9partition seront toujours bienvenues.<\/strong><\/span><\/p>\n<p><span style=\"font-size: medium; font-family: times  new  roman;\">Quelques photos :\u00a0 <a href=\"http:\/\/www.kizoa.fr\/slideshow-maker\/d7225332k8206238o1\/distribution-de-samedi\" target=\"_blank\">http:\/\/www.kizoa.fr\/slideshow-maker\/d7225332k8206238o1\/distribution-de-samedi<\/a><\/span><\/p>\n<p>&nbsp;<\/p>\n<p><span style=\"font-size: medium; font-family: times  new  roman;\">\u00a0 <\/span><\/p>\n","protected":false},"excerpt":{"rendered":"<p>Le samedi 7 d\u00e9cembre 2013 &#8211; R\u00e9cit de V\u00e9ronique Nourriture apport\u00e9e par Pierre (R.), r\u00e9partie en sacs par Liliana, Ion, Marie-Jeannne, Didier et V\u00e9ronique, d\u00e9charg\u00e9e sur le camp par Ion, r\u00e9cup\u00e9ration des sacs par Liliana. Nous avons pass\u00e9 un super &hellip; <a href=\"https:\/\/rroms.bassinminier62.org\/site\/nos-actions\/lorganisation-de-la-distribution-alimentaire\/\">Continuer la lecture <span class=\"meta-nav\">&rarr;<\/span><\/a><\/p>\n","protected":false},"author":2,"featured_media":0,"parent":549,"menu_order":10,"comment_status":"closed","ping_status":"open","template":"","meta":{"ngg_post_thumbnail":0,"footnotes":""},"class_list":["post-505","page","type-page","status-publish","hentry"],"_links":{"self":[{"href":"https:\/\/rroms.bassinminier62.org\/site\/wp-json\/wp\/v2\/pages\/505","targetHints":{"allow":["GET"]}}],"collection":[{"href":"https:\/\/rroms.bassinminier62.org\/site\/wp-json\/wp\/v2\/pages"}],"about":[{"href":"https:\/\/rroms.bassinminier62.org\/site\/wp-json\/wp\/v2\/types\/page"}],"author":[{"embeddable":true,"href":"https:\/\/rroms.bassinminier62.org\/site\/wp-json\/wp\/v2\/users\/2"}],"replies":[{"embeddable":true,"href":"https:\/\/rroms.bassinminier62.org\/site\/wp-json\/wp\/v2\/comments?post=505"}],"version-history":[{"count":6,"href":"https:\/\/rroms.bassinminier62.org\/site\/wp-json\/wp\/v2\/pages\/505\/revisions"}],"predecessor-version":[{"id":553,"href":"https:\/\/rroms.bassinminier62.org\/site\/wp-json\/wp\/v2\/pages\/505\/revisions\/553"}],"up":[{"embeddable":true,"href":"https:\/\/rroms.bassinminier62.org\/site\/wp-json\/wp\/v2\/pages\/549"}],"wp:attachment":[{"href":"https:\/\/rroms.bassinminier62.org\/site\/wp-json\/wp\/v2\/media?parent=505"}],"curies":[{"name":"wp","href":"https:\/\/api.w.org\/{rel}","templated":true}]}}