{"id":513,"date":"2013-12-09T15:17:01","date_gmt":"2013-12-09T14:17:01","guid":{"rendered":"http:\/\/rroms.bassinminier62.org\/site\/?page_id=513"},"modified":"2014-02-02T20:15:01","modified_gmt":"2014-02-02T19:15:01","slug":"le-festival-ca-continue","status":"publish","type":"page","link":"https:\/\/rroms.bassinminier62.org\/site\/le-festival\/le-festival-ca-continue\/","title":{"rendered":"Le Festival&#8230;\u00e7a continue!"},"content":{"rendered":"<p>Mardi 3 d\u00e9cembre, les conteurs de Cultures Plurielles sont intervenus \u00e0 l&rsquo;\u00e9cole Freinet de Li\u00e9vin pour les petits \u00e9l\u00e8ves attentifs .Contes Tsiganes au programme , bien s\u00fbr!<\/p>\n<p>Un tr\u00e8s agr\u00e9able moment aupr\u00e8s de tous les \u00e9l\u00e8ves et l&rsquo;\u00e9quipe \u00e9ducative pour ces trois s\u00e9ances.<\/p>\n<p>&nbsp;<\/p>\n<div id=\"attachment_518\" style=\"width: 310px\" class=\"wp-caption aligncenter\"><a href=\"http:\/\/rroms.bassinminier62.org\/site\/wp-content\/uploads\/2013\/12\/\u00e9cole-Freinet-4.jpg\"><img loading=\"lazy\" decoding=\"async\" aria-describedby=\"caption-attachment-518\" class=\"size-medium wp-image-518\" alt=\"Patrick conte aupr\u00e8s des \u00e9l\u00e8ves .\" src=\"http:\/\/rroms.bassinminier62.org\/site\/wp-content\/uploads\/2013\/12\/\u00e9cole-Freinet-4-300x225.jpg\" width=\"300\" height=\"225\" srcset=\"https:\/\/rroms.bassinminier62.org\/site\/wp-content\/uploads\/2013\/12\/\u00e9cole-Freinet-4-300x225.jpg 300w, https:\/\/rroms.bassinminier62.org\/site\/wp-content\/uploads\/2013\/12\/\u00e9cole-Freinet-4-1024x768.jpg 1024w\" sizes=\"auto, (max-width: 300px) 100vw, 300px\" \/><\/a><p id=\"caption-attachment-518\" class=\"wp-caption-text\">Patrick conte aupr\u00e8s des \u00e9l\u00e8ves .<\/p><\/div>\n<div id=\"attachment_519\" style=\"width: 310px\" class=\"wp-caption aligncenter\"><a href=\"http:\/\/rroms.bassinminier62.org\/site\/wp-content\/uploads\/2013\/12\/2cole-Freinet-2.jpg\"><img loading=\"lazy\" decoding=\"async\" aria-describedby=\"caption-attachment-519\" class=\"size-medium wp-image-519\" alt=\"Les enfants attentifs au conte de Bernadette .\" src=\"http:\/\/rroms.bassinminier62.org\/site\/wp-content\/uploads\/2013\/12\/2cole-Freinet-2-300x225.jpg\" width=\"300\" height=\"225\" srcset=\"https:\/\/rroms.bassinminier62.org\/site\/wp-content\/uploads\/2013\/12\/2cole-Freinet-2-300x225.jpg 300w, https:\/\/rroms.bassinminier62.org\/site\/wp-content\/uploads\/2013\/12\/2cole-Freinet-2-1024x768.jpg 1024w\" sizes=\"auto, (max-width: 300px) 100vw, 300px\" \/><\/a><p id=\"caption-attachment-519\" class=\"wp-caption-text\">Les enfants attentifs au conte de Bernadette .<\/p><\/div>\n<p><a href=\"http:\/\/rroms.bassinminier62.org\/site\/wp-content\/uploads\/2013\/09\/siterom5.png\"><img loading=\"lazy\" decoding=\"async\" class=\"aligncenter size-medium wp-image-231\" alt=\"siterom5\" src=\"http:\/\/rroms.bassinminier62.org\/site\/wp-content\/uploads\/2013\/09\/siterom5-300x30.png\" width=\"300\" height=\"30\" srcset=\"https:\/\/rroms.bassinminier62.org\/site\/wp-content\/uploads\/2013\/09\/siterom5-300x30.png 300w, https:\/\/rroms.bassinminier62.org\/site\/wp-content\/uploads\/2013\/09\/siterom5.png 380w\" sizes=\"auto, (max-width: 300px) 100vw, 300px\" \/><\/a><\/p>\n<p><img loading=\"lazy\" decoding=\"async\" id=\"il_fi\" style=\"padding-right: 8px; padding-top: 8px; padding-bottom: 8px;\" alt=\"\" src=\"http:\/\/www.journal-deux-rives.com\/sites\/default\/files\/imagecache\/ip_article\/caravane_55.jpg\" width=\"620\" height=\"240\" \/><\/p>\n<p>&nbsp;<\/p>\n<p>Vendredi 5 d\u00e9cembre, plusieurs classe de lyc\u00e9ens du Lyc\u00e9e de Bully les Mines ont b\u00e9n\u00e9fici\u00e9 de la projection du film\u00a0\u00bbCaravane 55&Prime; au centre Mitterrand, gracieusement mis \u00e0 disposition pour l&rsquo;occasion.<\/p>\n<p>Marcella est intervenue apr\u00e8s la projection pour \u00e9voquer son parcours, Rrom en France depuis vingt ans.<\/p>\n<p>Les jeunes ont \u00e9t\u00e9 attentifs et soucieux pour certains de s&rsquo;engager aupr\u00e8s du collectif.<\/p>\n<p><a href=\"http:\/\/rroms.bassinminier62.org\/site\/wp-content\/uploads\/2013\/09\/siterom5.png\"><img loading=\"lazy\" decoding=\"async\" class=\"aligncenter size-medium wp-image-231\" alt=\"siterom5\" src=\"http:\/\/rroms.bassinminier62.org\/site\/wp-content\/uploads\/2013\/09\/siterom5-300x30.png\" width=\"300\" height=\"30\" srcset=\"https:\/\/rroms.bassinminier62.org\/site\/wp-content\/uploads\/2013\/09\/siterom5-300x30.png 300w, https:\/\/rroms.bassinminier62.org\/site\/wp-content\/uploads\/2013\/09\/siterom5.png 380w\" sizes=\"auto, (max-width: 300px) 100vw, 300px\" \/><\/a><\/p>\n<p>Jeudi 19 D\u00e9cembre, trois couples Rroms du groupe Banatan sont all\u00e9s danser au lyc\u00e9e de Bully les Mines.<\/p>\n<div id=\"attachment_523\" style=\"width: 235px\" class=\"wp-caption aligncenter\"><a href=\"http:\/\/rroms.bassinminier62.org\/site\/wp-content\/uploads\/2013\/12\/les-danseurs-e1387747325833.jpg\"><img loading=\"lazy\" decoding=\"async\" aria-describedby=\"caption-attachment-523\" class=\"size-medium wp-image-523\" alt=\"Les danseurs\" src=\"http:\/\/rroms.bassinminier62.org\/site\/wp-content\/uploads\/2013\/12\/les-danseurs-e1387747325833-225x300.jpg\" width=\"225\" height=\"300\" srcset=\"https:\/\/rroms.bassinminier62.org\/site\/wp-content\/uploads\/2013\/12\/les-danseurs-e1387747325833-225x300.jpg 225w, https:\/\/rroms.bassinminier62.org\/site\/wp-content\/uploads\/2013\/12\/les-danseurs-e1387747325833-768x1024.jpg 768w, https:\/\/rroms.bassinminier62.org\/site\/wp-content\/uploads\/2013\/12\/les-danseurs-e1387747325833.jpg 1920w\" sizes=\"auto, (max-width: 225px) 100vw, 225px\" \/><\/a><p id=\"caption-attachment-523\" class=\"wp-caption-text\">Les danseurs<\/p><\/div>\n<div id=\"attachment_522\" style=\"width: 310px\" class=\"wp-caption aligncenter\"><a href=\"http:\/\/rroms.bassinminier62.org\/site\/wp-content\/uploads\/2013\/12\/les-danseuses.jpg\"><img loading=\"lazy\" decoding=\"async\" aria-describedby=\"caption-attachment-522\" class=\"size-medium wp-image-522\" alt=\"les danseuses\" src=\"http:\/\/rroms.bassinminier62.org\/site\/wp-content\/uploads\/2013\/12\/les-danseuses-300x225.jpg\" width=\"300\" height=\"225\" srcset=\"https:\/\/rroms.bassinminier62.org\/site\/wp-content\/uploads\/2013\/12\/les-danseuses-300x225.jpg 300w, https:\/\/rroms.bassinminier62.org\/site\/wp-content\/uploads\/2013\/12\/les-danseuses-1024x768.jpg 1024w\" sizes=\"auto, (max-width: 300px) 100vw, 300px\" \/><\/a><p id=\"caption-attachment-522\" class=\"wp-caption-text\">les danseuses<\/p><\/div>\n<div id=\"attachment_525\" style=\"width: 310px\" class=\"wp-caption aligncenter\"><a href=\"http:\/\/rroms.bassinminier62.org\/site\/wp-content\/uploads\/2013\/12\/les-spectateurs.jpg\"><img loading=\"lazy\" decoding=\"async\" aria-describedby=\"caption-attachment-525\" class=\"size-medium wp-image-525\" alt=\"les spectateurs\" src=\"http:\/\/rroms.bassinminier62.org\/site\/wp-content\/uploads\/2013\/12\/les-spectateurs-300x225.jpg\" width=\"300\" height=\"225\" srcset=\"https:\/\/rroms.bassinminier62.org\/site\/wp-content\/uploads\/2013\/12\/les-spectateurs-300x225.jpg 300w, https:\/\/rroms.bassinminier62.org\/site\/wp-content\/uploads\/2013\/12\/les-spectateurs-1024x768.jpg 1024w\" sizes=\"auto, (max-width: 300px) 100vw, 300px\" \/><\/a><p id=\"caption-attachment-525\" class=\"wp-caption-text\">les spectateurs<\/p><\/div>\n<p><a href=\"http:\/\/rroms.bassinminier62.org\/site\/wp-content\/uploads\/2013\/09\/site-rom.png\"><img loading=\"lazy\" decoding=\"async\" class=\"aligncenter size-medium wp-image-228\" alt=\"site rom\" src=\"http:\/\/rroms.bassinminier62.org\/site\/wp-content\/uploads\/2013\/09\/site-rom-300x30.png\" width=\"300\" height=\"30\" srcset=\"https:\/\/rroms.bassinminier62.org\/site\/wp-content\/uploads\/2013\/09\/site-rom-300x30.png 300w, https:\/\/rroms.bassinminier62.org\/site\/wp-content\/uploads\/2013\/09\/site-rom.png 383w\" sizes=\"auto, (max-width: 300px) 100vw, 300px\" \/><\/a><\/p>\n<p>Vendredi 20 D\u00e9cembre, Monica, Salomia, Lor\u00e9damia et leur cousine Monica sont all\u00e9es pr\u00e9parer des g\u00e2teaux au lyc\u00e9e de Bully les Mines pour compl\u00e9ter le d\u00e9jeuner mijot\u00e9 par des lyc\u00e9ens.<\/p>\n<p>Le repas festif partag\u00e9 par 22 personnes, jeunes lyc\u00e9ens, Rroms et enseignants fut un moment tr\u00e8s agr\u00e9able.<\/p>\n<div id=\"attachment_528\" style=\"width: 310px\" class=\"wp-caption aligncenter\"><a href=\"http:\/\/rroms.bassinminier62.org\/site\/wp-content\/uploads\/2013\/12\/au-travail.jpg\"><img loading=\"lazy\" decoding=\"async\" aria-describedby=\"caption-attachment-528\" class=\"size-medium wp-image-528\" alt=\"Au travail !\" src=\"http:\/\/rroms.bassinminier62.org\/site\/wp-content\/uploads\/2013\/12\/au-travail-300x225.jpg\" width=\"300\" height=\"225\" srcset=\"https:\/\/rroms.bassinminier62.org\/site\/wp-content\/uploads\/2013\/12\/au-travail-300x225.jpg 300w, https:\/\/rroms.bassinminier62.org\/site\/wp-content\/uploads\/2013\/12\/au-travail-1024x768.jpg 1024w\" sizes=\"auto, (max-width: 300px) 100vw, 300px\" \/><\/a><p id=\"caption-attachment-528\" class=\"wp-caption-text\">Au travail !<\/p><\/div>\n<div id=\"attachment_530\" style=\"width: 310px\" class=\"wp-caption aligncenter\"><a href=\"http:\/\/rroms.bassinminier62.org\/site\/wp-content\/uploads\/2013\/12\/la-d\u00e9coration-du-g\u00e2teau.jpg\"><img loading=\"lazy\" decoding=\"async\" aria-describedby=\"caption-attachment-530\" class=\"size-medium wp-image-530\" alt=\"La d\u00e9coration du g\u00e2teau\" src=\"http:\/\/rroms.bassinminier62.org\/site\/wp-content\/uploads\/2013\/12\/la-d\u00e9coration-du-g\u00e2teau-300x225.jpg\" width=\"300\" height=\"225\" srcset=\"https:\/\/rroms.bassinminier62.org\/site\/wp-content\/uploads\/2013\/12\/la-d\u00e9coration-du-g\u00e2teau-300x225.jpg 300w, https:\/\/rroms.bassinminier62.org\/site\/wp-content\/uploads\/2013\/12\/la-d\u00e9coration-du-g\u00e2teau-1024x768.jpg 1024w\" sizes=\"auto, (max-width: 300px) 100vw, 300px\" \/><\/a><p id=\"caption-attachment-530\" class=\"wp-caption-text\">La d\u00e9coration du g\u00e2teau<\/p><\/div>\n<div id=\"attachment_531\" style=\"width: 310px\" class=\"wp-caption aligncenter\"><a href=\"http:\/\/rroms.bassinminier62.org\/site\/wp-content\/uploads\/2013\/12\/la-table.jpg\"><img loading=\"lazy\" decoding=\"async\" aria-describedby=\"caption-attachment-531\" class=\"size-medium wp-image-531\" alt=\"La table dress\u00e9e par les jeunes Rroms\" src=\"http:\/\/rroms.bassinminier62.org\/site\/wp-content\/uploads\/2013\/12\/la-table-300x225.jpg\" width=\"300\" height=\"225\" srcset=\"https:\/\/rroms.bassinminier62.org\/site\/wp-content\/uploads\/2013\/12\/la-table-300x225.jpg 300w, https:\/\/rroms.bassinminier62.org\/site\/wp-content\/uploads\/2013\/12\/la-table-1024x768.jpg 1024w\" sizes=\"auto, (max-width: 300px) 100vw, 300px\" \/><\/a><p id=\"caption-attachment-531\" class=\"wp-caption-text\">La table dress\u00e9e par les jeunes Rroms<\/p><\/div>\n<div id=\"attachment_532\" style=\"width: 310px\" class=\"wp-caption aligncenter\"><a href=\"http:\/\/rroms.bassinminier62.org\/site\/wp-content\/uploads\/2013\/12\/le-dessert.jpg\"><img loading=\"lazy\" decoding=\"async\" aria-describedby=\"caption-attachment-532\" class=\"size-medium wp-image-532\" alt=\"Le dessert\" src=\"http:\/\/rroms.bassinminier62.org\/site\/wp-content\/uploads\/2013\/12\/le-dessert-300x225.jpg\" width=\"300\" height=\"225\" srcset=\"https:\/\/rroms.bassinminier62.org\/site\/wp-content\/uploads\/2013\/12\/le-dessert-300x225.jpg 300w, https:\/\/rroms.bassinminier62.org\/site\/wp-content\/uploads\/2013\/12\/le-dessert-1024x768.jpg 1024w\" sizes=\"auto, (max-width: 300px) 100vw, 300px\" \/><\/a><p id=\"caption-attachment-532\" class=\"wp-caption-text\">Le dessert<\/p><\/div>\n<p>&nbsp;<\/p>\n<p>&nbsp;<\/p>\n","protected":false},"excerpt":{"rendered":"<p>Mardi 3 d\u00e9cembre, les conteurs de Cultures Plurielles sont intervenus \u00e0 l&rsquo;\u00e9cole Freinet de Li\u00e9vin pour les petits \u00e9l\u00e8ves attentifs .Contes Tsiganes au programme , bien s\u00fbr! Un tr\u00e8s agr\u00e9able moment aupr\u00e8s de tous les \u00e9l\u00e8ves et l&rsquo;\u00e9quipe \u00e9ducative pour &hellip; <a href=\"https:\/\/rroms.bassinminier62.org\/site\/le-festival\/le-festival-ca-continue\/\">Continuer la lecture <span class=\"meta-nav\">&rarr;<\/span><\/a><\/p>\n","protected":false},"author":2,"featured_media":0,"parent":178,"menu_order":195,"comment_status":"closed","ping_status":"open","template":"","meta":{"ngg_post_thumbnail":0,"footnotes":""},"class_list":["post-513","page","type-page","status-publish","hentry"],"_links":{"self":[{"href":"https:\/\/rroms.bassinminier62.org\/site\/wp-json\/wp\/v2\/pages\/513","targetHints":{"allow":["GET"]}}],"collection":[{"href":"https:\/\/rroms.bassinminier62.org\/site\/wp-json\/wp\/v2\/pages"}],"about":[{"href":"https:\/\/rroms.bassinminier62.org\/site\/wp-json\/wp\/v2\/types\/page"}],"author":[{"embeddable":true,"href":"https:\/\/rroms.bassinminier62.org\/site\/wp-json\/wp\/v2\/users\/2"}],"replies":[{"embeddable":true,"href":"https:\/\/rroms.bassinminier62.org\/site\/wp-json\/wp\/v2\/comments?post=513"}],"version-history":[{"count":10,"href":"https:\/\/rroms.bassinminier62.org\/site\/wp-json\/wp\/v2\/pages\/513\/revisions"}],"predecessor-version":[{"id":534,"href":"https:\/\/rroms.bassinminier62.org\/site\/wp-json\/wp\/v2\/pages\/513\/revisions\/534"}],"up":[{"embeddable":true,"href":"https:\/\/rroms.bassinminier62.org\/site\/wp-json\/wp\/v2\/pages\/178"}],"wp:attachment":[{"href":"https:\/\/rroms.bassinminier62.org\/site\/wp-json\/wp\/v2\/media?parent=513"}],"curies":[{"name":"wp","href":"https:\/\/api.w.org\/{rel}","templated":true}]}}