{"id":565,"date":"2014-02-04T19:41:57","date_gmt":"2014-02-04T18:41:57","guid":{"rendered":"http:\/\/rroms.bassinminier62.org\/site\/?page_id=565"},"modified":"2014-02-12T17:45:49","modified_gmt":"2014-02-12T16:45:49","slug":"appel-pour-florida-paola-elena-janvier-2011","status":"publish","type":"page","link":"https:\/\/rroms.bassinminier62.org\/site\/nos-actions\/appel-pour-florida-paola-elena-janvier-2011\/","title":{"rendered":"Appel pour Florida, Paola, \u00c9l\u00e9na : janvier 2011"},"content":{"rendered":"<p><strong>Cet appel a \u00e9t\u00e9 suivi de la cr\u00e9ation du Collectif Fraternit\u00e9 Rroms.<\/strong><\/p>\n<h2 style=\"text-align: center;\"><b>Pas la chance d&rsquo;\u00eatre n\u00e9es au bon endroit&#8230;<\/b><\/h2>\n<p><b>Florida, Paola et \u00c9l\u00e9na attendent un b\u00e9b\u00e9<\/b>. Elles survivent dans un cloaque fait de vieilles caravanes perc\u00e9es, cach\u00e9es entre le terril et le canal, quasiment au bout de notre rue. T. a rencontr\u00e9 Florida dans la rue et l&rsquo;a accompagn\u00e9e \u00e0 l&rsquo;h\u00f4pital. Le m\u00e9decin signale que le b\u00e9b\u00e9, qui devrait faire 2kg n&rsquo;en fait que 1,6.<\/p>\n<p><b>Florida, Paola et \u00c9l\u00e9na cuisinent sur un r\u00e9chaud \u00e0 gaz<\/b>. Cela temp\u00e8re l&rsquo;habitacle, sauf que, en ce moment, il n&rsquo;y a plus de sous pour acheter du gaz. Le peu que les hommes r\u00e9cup\u00e8rent en faisant la manche sert \u00e0 acheter de quoi ne pas compl\u00e8tement mourir de faim. Vous savez, ces hommes qui nous guident dans les parkings de Lens (mairie, R\u00e9publique, &#8230;). M\u00eame que cela a tendance \u00e0 nous aga\u00e7er, qu&rsquo;ils s&rsquo;imposent \u00e0 nous sans qu&rsquo;on leur ait rien demand\u00e9.<\/p>\n<p><b>Florida, Paola et \u00c9l\u00e9na savent que sans eau, il n&rsquo;y a pas de vie<\/b>. Elles n&rsquo;ont pas fait de grandes \u00e9tudes pour cela. Mais comme elles sont \u00e0 plusieurs kilom\u00e8tres d&rsquo;un point d&rsquo;eau potable, d&rsquo;ailleurs souvent inutilisable ces jours-ci, elles savent de quoi elles parlent.<\/p>\n<p><b>Florida, Paola et \u00c9l\u00e9na pensent que leurs enfants ne seront pas plus instruits<\/b>. Normal, puisque les communes du secteur refusent de les scolariser.<\/p>\n<p><b>Florida, Paola et \u00c9l\u00e9na s&rsquo;imaginent qu&rsquo;\u00eatre soign\u00e9 est un privil\u00e8ge.<\/b> Que tout le monde n&rsquo;y a pas droit. Elles ne comprennent pas nos d\u00e9n\u00e9gations\u00a0: leur exp\u00e9rience leur prouve quand m\u00eame le contraire.<\/p>\n<p><b>Florida, Paola et \u00c9l\u00e9na se demandent comment elles nourriront leurs enfants.<\/b> Les restos du coeur du coin les aident. Mais cela ne suffit pas. Et comment cela se passera-t-il \u00e0 la fin de la saison de distribution, en mars?<\/p>\n<p><b>Florida, Paola et \u00c9l\u00e9na s&rsquo;inqui\u00e8tent de savoir o\u00f9 grandiront leurs enfants.<\/b> Leur groupe a \u00e9t\u00e9 chass\u00e9 du terrain o\u00f9 ils \u00e9taient cette ann\u00e9e (Harnes) et s&rsquo;est retrouv\u00e9 dans une autre commune (Sallaumines) d&rsquo;o\u00f9 ils ont \u00e9t\u00e9 chass\u00e9s \u00e0 nouveau le 23 d\u00e9cembre pour revenir sur le territoire de Harnes. Ils n&rsquo;ont pas de voiture et doivent louer les services d&rsquo;un \u00ab\u00a0bienfaiteur\u00a0\u00bb pour d\u00e9placer leurs vieilles bicoques sur roues\u00a0: 10\u20ac par caravane.<\/p>\n<p><b>Florida, Paola et \u00c9l\u00e9na sont n\u00e9es dans un cloaque en Roumanie<\/b>. Ce sont des Rroms. C&rsquo;est-\u00e0-dire de la vermine. Enfin, c&rsquo;est comme cela qu&rsquo;on les consid\u00e8re. L\u00e0-bas. Et ici aussi. Tout le monde cherche comment s&rsquo;en d\u00e9barrasser\u00a0: les maires de gauche, notre pr\u00e9sident de droite. Pourtant \u00ab\u00a0Rrom\u00a0\u00bb signifie \u00ab\u00a0\u00eatre humain\u00a0\u00bb dans leur langue, le rromani. Florida, Paola et H\u00e9l\u00e9na n&rsquo;avaient pas demand\u00e9 \u00e0 na\u00eetre. Nous non plus d&rsquo;ailleurs\u00a0\ud83d\ude09 . Mais nous, nous avons eu la chance de na\u00eetre au bon endroit. Pas elles.<br \/>\nOn ne peut pas \u00ab\u00a0partager notre chance d&rsquo;\u00eatre n\u00e9s au bon endroit\u00a0\u00bb avec tout le monde. Mais nous vous proposons de \u00ab\u00a0faire un peu\u00a0\u00bb pour Florida, Paola et \u00c9l\u00e9na, les 6 enfants du camp, et les quelques autres adultes qui survivent l\u00e0.<\/p>\n<p><b>Plusieurs \u00ab\u00a0peu\u00a0\u00bb sont le d\u00e9but de beaucoup.<\/b><\/p>\n<p>En informant autour de nous et en sollicitant nos r\u00e9seaux.<\/p>\n<p>De quoi ont-ils besoin\u00a0:<\/p>\n<p>* de <b>nourriture<\/b> &#8211;&gt; ils mangent comme nous mais pas de poisson. Le luxe pour les enfants\u00a0: des biscuits (c&rsquo;est ce qu&rsquo;ils avaient demand\u00e9 pour No\u00ebl \u00e0 leurs parents).<\/p>\n<p>* d&rsquo;<b>eau<\/b> et de jerricanes alimentaires<\/p>\n<p>* de <b>gaz<\/b> &#8211;&gt; on peut leur porter une bouteille (et on repart avec une bouteille vide), ou on leur donne de quoi en acheter<\/p>\n<p>* de bonnets, gants, \u00e9charpes, bottes fourr\u00e9es<\/p>\n<p>*decouvertures<\/p>\n<p>* d&rsquo;<b>accompagnement<\/b> pour r\u00e9gler les papiers n\u00e9cessaires aux futures mamans, le suivi m\u00e9dical pour tous, la scolarisation des m\u00f4mes, la rencontre avec les associations humanitaires qui pourraient les d\u00e9panner en nourriture, m\u00e9dicaments et v\u00eatements<\/p>\n<p>* de <b>mobilisation<\/b> pour emp\u00eacher qu&rsquo;on les chasse \u00e0 nouveau<\/p>\n<p style=\"text-align: center;\">Vue du camp :<\/p>\n<p style=\"text-align: center;\"><a href=\"http:\/\/rroms.bassinminier62.org\/site\/wp-content\/uploads\/2014\/02\/20110109-CampementRromsHarnes-10.jpg\"><img loading=\"lazy\" decoding=\"async\" class=\"aligncenter size-medium wp-image-570\" alt=\"20110109-CampementRromsHarnes-10\" src=\"http:\/\/rroms.bassinminier62.org\/site\/wp-content\/uploads\/2014\/02\/20110109-CampementRromsHarnes-10-300x225.jpg\" width=\"300\" height=\"225\" srcset=\"https:\/\/rroms.bassinminier62.org\/site\/wp-content\/uploads\/2014\/02\/20110109-CampementRromsHarnes-10-300x225.jpg 300w, https:\/\/rroms.bassinminier62.org\/site\/wp-content\/uploads\/2014\/02\/20110109-CampementRromsHarnes-10.jpg 640w\" sizes=\"auto, (max-width: 300px) 100vw, 300px\" \/><\/a> <a href=\"http:\/\/rroms.bassinminier62.org\/site\/wp-content\/uploads\/2014\/02\/20110109-CampementRromsHarnes-18.jpg\"><img loading=\"lazy\" decoding=\"async\" class=\"aligncenter size-medium wp-image-571\" alt=\"20110109-CampementRromsHarnes-18\" src=\"http:\/\/rroms.bassinminier62.org\/site\/wp-content\/uploads\/2014\/02\/20110109-CampementRromsHarnes-18-300x225.jpg\" width=\"300\" height=\"225\" srcset=\"https:\/\/rroms.bassinminier62.org\/site\/wp-content\/uploads\/2014\/02\/20110109-CampementRromsHarnes-18-300x225.jpg 300w, https:\/\/rroms.bassinminier62.org\/site\/wp-content\/uploads\/2014\/02\/20110109-CampementRromsHarnes-18.jpg 640w\" sizes=\"auto, (max-width: 300px) 100vw, 300px\" \/><\/a>La caravane de Florida<\/p>\n","protected":false},"excerpt":{"rendered":"<p>Cet appel a \u00e9t\u00e9 suivi de la cr\u00e9ation du Collectif Fraternit\u00e9 Rroms. Pas la chance d&rsquo;\u00eatre n\u00e9es au bon endroit&#8230; Florida, Paola et \u00c9l\u00e9na attendent un b\u00e9b\u00e9. Elles survivent dans un cloaque fait de vieilles caravanes perc\u00e9es, cach\u00e9es entre le &hellip; <a href=\"https:\/\/rroms.bassinminier62.org\/site\/nos-actions\/appel-pour-florida-paola-elena-janvier-2011\/\">Continuer la lecture <span class=\"meta-nav\">&rarr;<\/span><\/a><\/p>\n","protected":false},"author":2,"featured_media":0,"parent":549,"menu_order":0,"comment_status":"closed","ping_status":"open","template":"","meta":{"ngg_post_thumbnail":0,"footnotes":""},"class_list":["post-565","page","type-page","status-publish","hentry"],"_links":{"self":[{"href":"https:\/\/rroms.bassinminier62.org\/site\/wp-json\/wp\/v2\/pages\/565","targetHints":{"allow":["GET"]}}],"collection":[{"href":"https:\/\/rroms.bassinminier62.org\/site\/wp-json\/wp\/v2\/pages"}],"about":[{"href":"https:\/\/rroms.bassinminier62.org\/site\/wp-json\/wp\/v2\/types\/page"}],"author":[{"embeddable":true,"href":"https:\/\/rroms.bassinminier62.org\/site\/wp-json\/wp\/v2\/users\/2"}],"replies":[{"embeddable":true,"href":"https:\/\/rroms.bassinminier62.org\/site\/wp-json\/wp\/v2\/comments?post=565"}],"version-history":[{"count":8,"href":"https:\/\/rroms.bassinminier62.org\/site\/wp-json\/wp\/v2\/pages\/565\/revisions"}],"predecessor-version":[{"id":599,"href":"https:\/\/rroms.bassinminier62.org\/site\/wp-json\/wp\/v2\/pages\/565\/revisions\/599"}],"up":[{"embeddable":true,"href":"https:\/\/rroms.bassinminier62.org\/site\/wp-json\/wp\/v2\/pages\/549"}],"wp:attachment":[{"href":"https:\/\/rroms.bassinminier62.org\/site\/wp-json\/wp\/v2\/media?parent=565"}],"curies":[{"name":"wp","href":"https:\/\/api.w.org\/{rel}","templated":true}]}}