{"id":585,"date":"2014-02-04T21:01:06","date_gmt":"2014-02-04T20:01:06","guid":{"rendered":"http:\/\/rroms.bassinminier62.org\/site\/?page_id=585"},"modified":"2014-03-06T15:49:08","modified_gmt":"2014-03-06T14:49:08","slug":"sante","status":"publish","type":"page","link":"https:\/\/rroms.bassinminier62.org\/site\/nos-actions\/sante\/","title":{"rendered":"Sant\u00e9"},"content":{"rendered":"<p>Chaque mois, une \u00e9quipe de m\u00e9decins volontaires, de M\u00e9decins du Monde, vient rencontrer chaque famille rrom sur le bassin minier. Elle est pilot\u00e9e par des b\u00e9n\u00e9voles du Collectif Fraternit\u00e9 Rroms. Des membres du collectif, dont un m\u00e9decin b\u00e9n\u00e9vole, assurent ensuite le suivi jusqu&rsquo;\u00e0 la prochaine visite.<\/p>\n","protected":false},"excerpt":{"rendered":"<p>Chaque mois, une \u00e9quipe de m\u00e9decins volontaires, de M\u00e9decins du Monde, vient rencontrer chaque famille rrom sur le bassin minier. Elle est pilot\u00e9e par des b\u00e9n\u00e9voles du Collectif Fraternit\u00e9 Rroms. Des membres du collectif, dont un m\u00e9decin b\u00e9n\u00e9vole, assurent ensuite &hellip; <a href=\"https:\/\/rroms.bassinminier62.org\/site\/nos-actions\/sante\/\">Continuer la lecture <span class=\"meta-nav\">&rarr;<\/span><\/a><\/p>\n","protected":false},"author":2,"featured_media":0,"parent":549,"menu_order":20,"comment_status":"closed","ping_status":"open","template":"","meta":{"ngg_post_thumbnail":0,"footnotes":""},"class_list":["post-585","page","type-page","status-publish","hentry"],"_links":{"self":[{"href":"https:\/\/rroms.bassinminier62.org\/site\/wp-json\/wp\/v2\/pages\/585","targetHints":{"allow":["GET"]}}],"collection":[{"href":"https:\/\/rroms.bassinminier62.org\/site\/wp-json\/wp\/v2\/pages"}],"about":[{"href":"https:\/\/rroms.bassinminier62.org\/site\/wp-json\/wp\/v2\/types\/page"}],"author":[{"embeddable":true,"href":"https:\/\/rroms.bassinminier62.org\/site\/wp-json\/wp\/v2\/users\/2"}],"replies":[{"embeddable":true,"href":"https:\/\/rroms.bassinminier62.org\/site\/wp-json\/wp\/v2\/comments?post=585"}],"version-history":[{"count":2,"href":"https:\/\/rroms.bassinminier62.org\/site\/wp-json\/wp\/v2\/pages\/585\/revisions"}],"predecessor-version":[{"id":601,"href":"https:\/\/rroms.bassinminier62.org\/site\/wp-json\/wp\/v2\/pages\/585\/revisions\/601"}],"up":[{"embeddable":true,"href":"https:\/\/rroms.bassinminier62.org\/site\/wp-json\/wp\/v2\/pages\/549"}],"wp:attachment":[{"href":"https:\/\/rroms.bassinminier62.org\/site\/wp-json\/wp\/v2\/media?parent=585"}],"curies":[{"name":"wp","href":"https:\/\/api.w.org\/{rel}","templated":true}]}}