{"id":587,"date":"2014-02-04T21:13:57","date_gmt":"2014-02-04T20:13:57","guid":{"rendered":"http:\/\/rroms.bassinminier62.org\/site\/?page_id=587"},"modified":"2014-02-04T21:16:10","modified_gmt":"2014-02-04T20:16:10","slug":"mobilisation-contre-les-expulsions","status":"publish","type":"page","link":"https:\/\/rroms.bassinminier62.org\/site\/nos-actions\/mobilisation-contre-les-expulsions\/","title":{"rendered":"Mobilisation contre les expulsions"},"content":{"rendered":"<h2>Appel aux habitants, aux associations, aux \u00e9lus, suite \u00e0 l&rsquo;expulsion de Dourges : avril 2011<\/h2>\n<style type=\"text\/css\"><!--\n@page { margin: 2cm }\n\t\tTD P { margin-bottom: 0cm }\n\t\tP { margin-bottom: 0.21cm }\n--><\/style>\n<p align=\"CENTER\"><span style=\"font-size: large;\"><b>Nous, habitants du bassin minier, <\/b><\/span><\/p>\n<p align=\"CENTER\"><span style=\"font-size: large;\"><b>terre de fraternit\u00e9 et de solidarit\u00e9, <\/b><\/span><\/p>\n<p align=\"CENTER\"><span style=\"font-size: large;\"><b>nous sommes en col\u00e8re. <\/b><\/span><\/p>\n<p align=\"JUSTIFY\"><b>Nous sommes scandalis\u00e9s par l&rsquo;expulsion dont ont \u00e9t\u00e9 victimes les familles Rroms install\u00e9es \u00e0 Dourges, le lundi 11 avril et le mercredi 13 avril.<br \/>\n<\/b><\/p>\n<p align=\"JUSTIFY\">Nous d\u00e9non\u00e7ons la violence <span style=\"font-size: medium;\">de <\/span><span style=\"font-size: medium;\"><b>pratiques indignes <\/b><\/span>de notre civilisation : l&rsquo;expulsion de familles d\u00e9munies d&rsquo;un terrain o\u00f9 elles survivaient gr\u00e2ce \u00e0 l&rsquo;aide de b\u00e9n\u00e9voles et d&rsquo;associations, la d\u00e9molition de leurs abris de fortune, pour les laisser, encore plus d\u00e9munies, dans la rue. Cela ne r\u00e9sout rien. Cela ne fait qu&rsquo;ajouter de la mis\u00e8re \u00e0 la mis\u00e8re.<\/p>\n<p align=\"JUSTIFY\"><b>Ce n&rsquo;est pas de cette soci\u00e9t\u00e9-l\u00e0 que nous voulons.<\/b><\/p>\n<p align=\"JUSTIFY\"><b>D&rsquo;o\u00f9 que vienne la d\u00e9cision, <\/b><\/p>\n<p align=\"JUSTIFY\"><b>nous refusons<\/b> qu&rsquo;en notre nom on entretienne la haine de l&rsquo;Autre<\/p>\n<p align=\"JUSTIFY\"><b>nous refusons <\/b>qu&rsquo;en notre nom on fasse la guerre aux pauvres.<\/p>\n<p align=\"JUSTIFY\"><span style=\"font-size: medium;\"><b>N<\/b><\/span><b>ous refusons qu&rsquo;en notre nom on traite des hommes, des femmes, des enfants, comme des b\u00eates nuisibles.<\/b> Nous alertons nos consciences de femmes et d&rsquo;hommes civilis\u00e9s : on commence par les chasser, et apr\u00e8s &#8230; que fait-on? On les extermine?<\/p>\n<p align=\"JUSTIFY\">Nous attendons de nos \u00e9lus, des repr\u00e9sentants de l&rsquo;\u00c9tat, qu&rsquo;ils traitent avec respect et dignit\u00e9 toutes les personnes vivant sur notre territoire.<\/p>\n<p align=\"JUSTIFY\"><b>Nous leur demandons de trouver une solution pour les familles qui ont \u00e9t\u00e9 chass\u00e9es.<\/b> Qu&rsquo;elles aient un lieu pour se poser. Qu&rsquo;elles soient reconnues et consid\u00e9r\u00e9es avec humanit\u00e9.<\/p>\n<p align=\"JUSTIFY\">Nous appelons tous les habitants du bassin minier, les associations, les \u00e9lus, \u00e0 nous rejoindre dans l&rsquo;expression de notre indignation, et dans l&rsquo;exigence qu&rsquo;une solution soit trouv\u00e9e.<\/p>\n<p align=\"CENTER\"><b>Tous ensemble, disons<\/b><\/p>\n<p align=\"CENTER\"><b>STOP, LE BASSIN MINIER NE VEUT PLUS D&rsquo;EXPULSIONS<\/b><\/p>\n<p align=\"RIGHT\"><span style=\"font-size: medium;\"><b>Collectif Fraternit\u00e9-Rroms bassin minier 59\/62<\/b><\/span><\/p>\n<p align=\"RIGHT\"><b>fraternite.rroms@free.fr<\/b><\/p>\n","protected":false},"excerpt":{"rendered":"<p>Appel aux habitants, aux associations, aux \u00e9lus, suite \u00e0 l&rsquo;expulsion de Dourges : avril 2011 Nous, habitants du bassin minier, terre de fraternit\u00e9 et de solidarit\u00e9, nous sommes en col\u00e8re. Nous sommes scandalis\u00e9s par l&rsquo;expulsion dont ont \u00e9t\u00e9 victimes les &hellip; <a href=\"https:\/\/rroms.bassinminier62.org\/site\/nos-actions\/mobilisation-contre-les-expulsions\/\">Continuer la lecture <span class=\"meta-nav\">&rarr;<\/span><\/a><\/p>\n","protected":false},"author":2,"featured_media":0,"parent":549,"menu_order":40,"comment_status":"closed","ping_status":"open","template":"","meta":{"ngg_post_thumbnail":0,"footnotes":""},"class_list":["post-587","page","type-page","status-publish","hentry"],"_links":{"self":[{"href":"https:\/\/rroms.bassinminier62.org\/site\/wp-json\/wp\/v2\/pages\/587","targetHints":{"allow":["GET"]}}],"collection":[{"href":"https:\/\/rroms.bassinminier62.org\/site\/wp-json\/wp\/v2\/pages"}],"about":[{"href":"https:\/\/rroms.bassinminier62.org\/site\/wp-json\/wp\/v2\/types\/page"}],"author":[{"embeddable":true,"href":"https:\/\/rroms.bassinminier62.org\/site\/wp-json\/wp\/v2\/users\/2"}],"replies":[{"embeddable":true,"href":"https:\/\/rroms.bassinminier62.org\/site\/wp-json\/wp\/v2\/comments?post=587"}],"version-history":[{"count":3,"href":"https:\/\/rroms.bassinminier62.org\/site\/wp-json\/wp\/v2\/pages\/587\/revisions"}],"predecessor-version":[{"id":590,"href":"https:\/\/rroms.bassinminier62.org\/site\/wp-json\/wp\/v2\/pages\/587\/revisions\/590"}],"up":[{"embeddable":true,"href":"https:\/\/rroms.bassinminier62.org\/site\/wp-json\/wp\/v2\/pages\/549"}],"wp:attachment":[{"href":"https:\/\/rroms.bassinminier62.org\/site\/wp-json\/wp\/v2\/media?parent=587"}],"curies":[{"name":"wp","href":"https:\/\/api.w.org\/{rel}","templated":true}]}}